{"id":17360,"date":"2021-11-09T16:42:32","date_gmt":"2021-11-09T15:42:32","guid":{"rendered":"https:\/\/www.amef-consulting.com?page_id=17360"},"modified":"2024-11-12T16:14:43","modified_gmt":"2024-11-12T15:14:43","slug":"islamic-finance","status":"publish","type":"page","link":"https:\/\/www.amef-consulting.com\/en\/expertise\/islamic-finance\/","title":{"rendered":"Islamic Finance"},"content":{"rendered":"\t\t<div data-elementor-type=\"wp-page\" data-elementor-id=\"17360\" class=\"elementor elementor-17360 elementor-2542\">\n\t\t\t\t\t\t\t\t\t<section class=\"elementor-section elementor-top-section elementor-element elementor-element-fc500ea elementor-section-stretched elementor-section-boxed elementor-section-height-default elementor-section-height-default\" data-id=\"fc500ea\" data-element_type=\"section\" data-settings=\"{&quot;stretch_section&quot;:&quot;section-stretched&quot;}\">\n\t\t\t\t\t\t<div class=\"elementor-container elementor-column-gap-no\">\n\t\t\t\t\t<div class=\"elementor-column elementor-col-66 elementor-top-column elementor-element elementor-element-4529c7e\" data-id=\"4529c7e\" data-element_type=\"column\">\n\t\t\t<div class=\"elementor-widget-wrap elementor-element-populated\">\n\t\t\t\t\t\t\t\t<section class=\"elementor-section elementor-inner-section elementor-element elementor-element-d30d1ad elementor-section-boxed elementor-section-height-default elementor-section-height-default\" data-id=\"d30d1ad\" data-element_type=\"section\">\n\t\t\t\t\t\t<div class=\"elementor-container elementor-column-gap-no\">\n\t\t\t\t\t<div class=\"elementor-column elementor-col-100 elementor-inner-column elementor-element elementor-element-fb44528\" data-id=\"fb44528\" data-element_type=\"column\">\n\t\t\t<div class=\"elementor-widget-wrap elementor-element-populated\">\n\t\t\t\t\t\t\t\t<div class=\"elementor-element elementor-element-5aba67e gyan-title-st-line-after gyan-title-desc-left elementor-widget elementor-widget-gyan_title\" data-id=\"5aba67e\" data-element_type=\"widget\" data-widget_type=\"gyan_title.default\">\n\t\t\t\t<div class=\"elementor-widget-container\">\n\t\t\t\t\t<div class=\"gyan-title\">\r\n\t\t\t<div class=\"gyan-title-subtitle\"><span>Our Expertise<\/span><\/div><h2 class=\"gyan-title-heading\">Islamic Finance<\/h2><div class=\"gyan-title-desc\">\n\n<\/div>\t\t<\/div>\r\n\t\t\t\t<\/div>\n\t\t\t\t<\/div>\n\t\t\t\t<div class=\"elementor-element elementor-element-0ce1c35 elementor-widget elementor-widget-text-editor\" data-id=\"0ce1c35\" data-element_type=\"widget\" data-widget_type=\"text-editor.default\">\n\t\t\t\t<div class=\"elementor-widget-container\">\n\t\t\t\t\t\t\t<p><strong>Islamic Finance<\/strong> has been developing rapidly since the 2007-08 Subprime crisis and now works within a more established and favorable regulatory framework. It offers new financial solutions to develop the real economy and <strong>financial inclusion<\/strong>. But there are still many challenges in this area.<\/p><p>AMEF Consulting has excellent expertise in the businesses and products of <strong>Islamic Finance<\/strong> and can provide its clients with a tailored service offer that covers the following broad spectrum of work projects:<\/p><ul><li>Market survey and the design of a strategic and business model<\/li><li>Support in the establishment of an Islamic \u201cwindows\u201d or in the total institutional transformation to become a full Islamic bank.<\/li><li>Design and promotion of Sharia-compatible products<\/li><li>Islamic Finance-specific marketing strategies and communications procedures<\/li><li>Capacity building and training in various subjects of Islamic Finance<\/li><li>Study and support the development of the regulatory framework for Islamic Finance<\/li><\/ul><p><strong>Example of carried-out missions <\/strong><\/p>\t\t\t\t\t\t<\/div>\n\t\t\t\t<\/div>\n\t\t\t\t\t<\/div>\n\t\t<\/div>\n\t\t\t\t\t\t\t<\/div>\n\t\t<\/section>\n\t\t\t\t\t<\/div>\n\t\t<\/div>\n\t\t\t\t<div class=\"elementor-column elementor-col-33 elementor-top-column elementor-element elementor-element-ede5f6d\" data-id=\"ede5f6d\" data-element_type=\"column\">\n\t\t\t<div class=\"elementor-widget-wrap elementor-element-populated\">\n\t\t\t\t\t\t\t\t<section class=\"elementor-section elementor-inner-section elementor-element elementor-element-25f44da elementor-section-boxed elementor-section-height-default elementor-section-height-default\" data-id=\"25f44da\" data-element_type=\"section\">\n\t\t\t\t\t\t<div class=\"elementor-container elementor-column-gap-no\">\n\t\t\t\t\t<div class=\"elementor-column elementor-col-100 elementor-inner-column elementor-element elementor-element-6637eb5\" data-id=\"6637eb5\" data-element_type=\"column\">\n\t\t\t<div class=\"elementor-widget-wrap elementor-element-populated\">\n\t\t\t\t\t\t\t\t<div class=\"elementor-element elementor-element-5488e62 gyan-menu-list-vertical elementor-widget elementor-widget-gyan_menu_list\" data-id=\"5488e62\" data-element_type=\"widget\" data-widget_type=\"gyan_menu_list.default\">\n\t\t\t\t<div class=\"elementor-widget-container\">\n\t\t\t<div class=\"gyan-menu-list\"><div class=\"menu-expertise-en-container\"><ul id=\"menu-expertise-en\" class=\"gyan-menu-list-item gyan-ease-transition\"><li id=\"menu-item-18163\" class=\"menu-item menu-item-type-post_type menu-item-object-page menu-item-18163\"><a href=\"https:\/\/www.amef-consulting.com\/en\/expertise\/retail-banking\/\">Retail Banking<\/a><\/li>\n<li id=\"menu-item-18161\" class=\"menu-item menu-item-type-post_type menu-item-object-page menu-item-18161\"><a href=\"https:\/\/www.amef-consulting.com\/en\/expertise\/inclusive-finance\/\">Inclusive Finance<\/a><\/li>\n<li id=\"menu-item-18160\" class=\"menu-item menu-item-type-post_type menu-item-object-page menu-item-18160\"><a href=\"https:\/\/www.amef-consulting.com\/en\/expertise\/green-finance\/\">Green Finance<\/a><\/li>\n<li id=\"menu-item-18162\" class=\"menu-item menu-item-type-post_type menu-item-object-page menu-item-18162\"><a href=\"https:\/\/www.amef-consulting.com\/en\/expertise\/islamic-finance\/\">Islamic Finance<\/a><\/li>\n<\/ul><\/div><\/div>\t\t<\/div>\n\t\t\t\t<\/div>\n\t\t\t\t\t<\/div>\n\t\t<\/div>\n\t\t\t\t\t\t\t<\/div>\n\t\t<\/section>\n\t\t\t\t<section class=\"elementor-section elementor-inner-section elementor-element elementor-element-c65d435 elementor-section-boxed elementor-section-height-default elementor-section-height-default\" data-id=\"c65d435\" data-element_type=\"section\">\n\t\t\t\t\t\t<div class=\"elementor-container elementor-column-gap-no\">\n\t\t\t\t\t<div class=\"elementor-column elementor-col-100 elementor-inner-column elementor-element elementor-element-d080cbc\" data-id=\"d080cbc\" data-element_type=\"column\" data-settings=\"{&quot;background_background&quot;:&quot;classic&quot;}\">\n\t\t\t<div class=\"elementor-widget-wrap elementor-element-populated\">\n\t\t\t\t\t\t\t\t<div class=\"elementor-element elementor-element-c2a31da gyan-infobox-align-left gyan-infobox-fullwidth-button-yes gyan-infobox-position-top gyan-infobox-center-no gyan-hover-animation-none gyan-animation-box-fade elementor-widget elementor-widget-gyan_info_box\" data-id=\"c2a31da\" data-element_type=\"widget\" data-widget_type=\"gyan_info_box.default\">\n\t\t\t\t<div class=\"elementor-widget-container\">\n\t\t\t\n\t\t<div class=\"gyan-info-box gyan-animation-box gyan-ease-transition\">\n\n\t\t\t\n\t\t\t\n\t\t\t\t<div class=\"gyan-infobox-icon-holder gyan-ease-transition\">\n\n\t\t\t\t\t\n\t\t\t\t\t\n\t\t\t\t\t\t\t\t\t\t\t<span class=\"gyan-infobox-icon gyan-icon gyan-ease-transition\"><\/span>\n\t\t\t\t\t\n\t\t\t\t\t\n\t\t\t\t\t\n\t\t\t\t<\/div>\n\n\t\t\t\n\t\t\t<div class=\"gyan-infobox-content-holder\">\n\n\t\t\t\t\n\t\t\t\t\t<h4 class=\"gyan-infobox-title gyan-ease-transition\">\n\t\t\t\t\t\t\t\t\t\t\t\tAbout us\t\t\t\t\t\t\t\t\t\t\t<\/h4>\n\n\t\t\t\t\n\t\t\t\t\n\t\t\t\t\n\t\t\t\t\t<div class=\"gyan-infobox-content gyan-ease-transition\">\n\t\t\t\t\t\tWe are a strategy and management consulting firm, specialized in the finance sector and focused on Africa and the Middle East.\t\t\t\t\t<\/div>\n\n\t\t\t\t\n\t\t\t\t\t\t\t\t\t\t<a href=\"http:\/\/wp-content\/uploads\/2021\/12\/plaquette-amef-consulting-en-06-19.pdf\" class=\"gyan-infobox-link gyan-info-box-button gyan-ease-transition\" target=\"_blank\"><span>Our brochure<\/span><\/a>\n\n\t\t\t\t\n\t\t\t\t<div class=\"clear\"><\/div>\n\t\t\t<\/div>\n\t\t<\/div>\n\t\t\t<\/div>\n\t\t\t\t<\/div>\n\t\t\t\t\t<\/div>\n\t\t<\/div>\n\t\t\t\t\t\t\t<\/div>\n\t\t<\/section>\n\t\t\t\t\t<\/div>\n\t\t<\/div>\n\t\t\t\t\t\t\t<\/div>\n\t\t<\/section>\n\t\t\t\t\t\t\t<\/div>\n\t\t","protected":false},"excerpt":{"rendered":"<p>Our Expertise Islamic Finance Islamic Finance has been developing rapidly since the 2007-08 Subprime crisis and now works within a more established and favorable regulatory framework. It offers new financial solutions to develop the real economy and financial inclusion. But there are still many challenges in this area. AMEF Consulting [&hellip;]<\/p>\n","protected":false},"author":1,"featured_media":0,"parent":17370,"menu_order":0,"comment_status":"closed","ping_status":"closed","template":"elementor_header_footer","meta":{"inline_featured_image":false,"footnotes":""},"yoast_head":"<!-- This site is optimized with the Yoast SEO Premium plugin v21.5 (Yoast SEO v21.5) - https:\/\/yoast.com\/wordpress\/plugins\/seo\/ -->\n<title>Islamic Finance - AMEF Consulting<\/title>\n<meta name=\"description\" content=\"AMEF Consulting propose des strat\u00e9gies en finance durable pour renforcer les capacit\u00e9s des institutions financi\u00e8res en Afrique et Moyen-Orient\" \/>\n<meta name=\"robots\" content=\"index, follow, max-snippet:-1, max-image-preview:large, max-video-preview:-1\" \/>\n<link rel=\"canonical\" href=\"https:\/\/www.amef-consulting.com\/en\/expertise\/islamic-finance\/\" \/>\n<meta property=\"og:locale\" content=\"en_US\" \/>\n<meta property=\"og:type\" content=\"article\" \/>\n<meta property=\"og:title\" content=\"Islamic Finance\" \/>\n<meta property=\"og:description\" content=\"AMEF Consulting propose des strat\u00e9gies en finance durable pour renforcer les capacit\u00e9s des institutions financi\u00e8res en Afrique et Moyen-Orient\" \/>\n<meta property=\"og:url\" content=\"https:\/\/www.amef-consulting.com\/en\/expertise\/islamic-finance\/\" \/>\n<meta property=\"og:site_name\" content=\"AMEF Consulting\" \/>\n<meta property=\"article:modified_time\" content=\"2024-11-12T15:14:43+00:00\" \/>\n<meta name=\"twitter:card\" content=\"summary_large_image\" \/>\n<meta name=\"twitter:label1\" content=\"Est. reading time\" \/>\n\t<meta name=\"twitter:data1\" content=\"1 minute\" \/>\n<script type=\"application\/ld+json\" class=\"yoast-schema-graph\">{\"@context\":\"https:\/\/schema.org\",\"@graph\":[{\"@type\":\"WebPage\",\"@id\":\"https:\/\/www.amef-consulting.com\/en\/expertise\/islamic-finance\/\",\"url\":\"https:\/\/www.amef-consulting.com\/en\/expertise\/islamic-finance\/\",\"name\":\"Islamic Finance - AMEF Consulting\",\"isPartOf\":{\"@id\":\"https:\/\/www.amef-consulting.com\/#website\"},\"datePublished\":\"2021-11-09T15:42:32+00:00\",\"dateModified\":\"2024-11-12T15:14:43+00:00\",\"description\":\"AMEF Consulting propose des strat\u00e9gies en finance durable pour renforcer les capacit\u00e9s des institutions financi\u00e8res en Afrique et Moyen-Orient\",\"breadcrumb\":{\"@id\":\"https:\/\/www.amef-consulting.com\/en\/expertise\/islamic-finance\/#breadcrumb\"},\"inLanguage\":\"en-US\",\"potentialAction\":[{\"@type\":\"ReadAction\",\"target\":[\"https:\/\/www.amef-consulting.com\/en\/expertise\/islamic-finance\/\"]}]},{\"@type\":\"BreadcrumbList\",\"@id\":\"https:\/\/www.amef-consulting.com\/en\/expertise\/islamic-finance\/#breadcrumb\",\"itemListElement\":[{\"@type\":\"ListItem\",\"position\":1,\"name\":\"Accueil\",\"item\":\"https:\/\/www.amef-consulting.com\/en\/\"},{\"@type\":\"ListItem\",\"position\":2,\"name\":\"Expertise\",\"item\":\"https:\/\/www.amef-consulting.com\/en\/expertise\/\"},{\"@type\":\"ListItem\",\"position\":3,\"name\":\"Islamic Finance\"}]},{\"@type\":\"WebSite\",\"@id\":\"https:\/\/www.amef-consulting.com\/#website\",\"url\":\"https:\/\/www.amef-consulting.com\/\",\"name\":\"AMEF Consulting\",\"description\":\"Conseil en strat\u00e9gie et management - Strategy and Management Advisory\",\"publisher\":{\"@id\":\"https:\/\/www.amef-consulting.com\/#organization\"},\"alternateName\":\"AMEF\",\"potentialAction\":[{\"@type\":\"SearchAction\",\"target\":{\"@type\":\"EntryPoint\",\"urlTemplate\":\"https:\/\/www.amef-consulting.com\/?s={search_term_string}\"},\"query-input\":\"required name=search_term_string\"}],\"inLanguage\":\"en-US\"},{\"@type\":\"Organization\",\"@id\":\"https:\/\/www.amef-consulting.com\/#organization\",\"name\":\"AMEF Consulting\",\"alternateName\":\"AMEF\",\"url\":\"https:\/\/www.amef-consulting.com\/\",\"logo\":{\"@type\":\"ImageObject\",\"inLanguage\":\"en-US\",\"@id\":\"https:\/\/www.amef-consulting.com\/#\/schema\/logo\/image\/\",\"url\":\"https:\/\/www.amef-consulting.com\/\/wp-content\/uploads\/2021\/04\/logo_fond-blanc.jpg.jpg\",\"contentUrl\":\"https:\/\/www.amef-consulting.com\/\/wp-content\/uploads\/2021\/04\/logo_fond-blanc.jpg.jpg\",\"width\":514,\"height\":304,\"caption\":\"AMEF Consulting\"},\"image\":{\"@id\":\"https:\/\/www.amef-consulting.com\/#\/schema\/logo\/image\/\"},\"sameAs\":[\"https:\/\/www.linkedin.com\/company\/amef-consulting\/\",\"https:\/\/www.youtube.com\/channel\/UCl0kR8Is0EBObFgCe-vRiCQ\"]}]}<\/script>\n<!-- \/ Yoast SEO Premium plugin. -->","yoast_head_json":{"title":"Islamic Finance - AMEF Consulting","description":"AMEF Consulting propose des strat\u00e9gies en finance durable pour renforcer les capacit\u00e9s des institutions financi\u00e8res en Afrique et Moyen-Orient","robots":{"index":"index","follow":"follow","max-snippet":"max-snippet:-1","max-image-preview":"max-image-preview:large","max-video-preview":"max-video-preview:-1"},"canonical":"https:\/\/www.amef-consulting.com\/en\/expertise\/islamic-finance\/","og_locale":"en_US","og_type":"article","og_title":"Islamic Finance","og_description":"AMEF Consulting propose des strat\u00e9gies en finance durable pour renforcer les capacit\u00e9s des institutions financi\u00e8res en Afrique et Moyen-Orient","og_url":"https:\/\/www.amef-consulting.com\/en\/expertise\/islamic-finance\/","og_site_name":"AMEF Consulting","article_modified_time":"2024-11-12T15:14:43+00:00","twitter_card":"summary_large_image","twitter_misc":{"Est. reading time":"1 minute"},"schema":{"@context":"https:\/\/schema.org","@graph":[{"@type":"WebPage","@id":"https:\/\/www.amef-consulting.com\/en\/expertise\/islamic-finance\/","url":"https:\/\/www.amef-consulting.com\/en\/expertise\/islamic-finance\/","name":"Islamic Finance - AMEF Consulting","isPartOf":{"@id":"https:\/\/www.amef-consulting.com\/#website"},"datePublished":"2021-11-09T15:42:32+00:00","dateModified":"2024-11-12T15:14:43+00:00","description":"AMEF Consulting propose des strat\u00e9gies en finance durable pour renforcer les capacit\u00e9s des institutions financi\u00e8res en Afrique et Moyen-Orient","breadcrumb":{"@id":"https:\/\/www.amef-consulting.com\/en\/expertise\/islamic-finance\/#breadcrumb"},"inLanguage":"en-US","potentialAction":[{"@type":"ReadAction","target":["https:\/\/www.amef-consulting.com\/en\/expertise\/islamic-finance\/"]}]},{"@type":"BreadcrumbList","@id":"https:\/\/www.amef-consulting.com\/en\/expertise\/islamic-finance\/#breadcrumb","itemListElement":[{"@type":"ListItem","position":1,"name":"Accueil","item":"https:\/\/www.amef-consulting.com\/en\/"},{"@type":"ListItem","position":2,"name":"Expertise","item":"https:\/\/www.amef-consulting.com\/en\/expertise\/"},{"@type":"ListItem","position":3,"name":"Islamic Finance"}]},{"@type":"WebSite","@id":"https:\/\/www.amef-consulting.com\/#website","url":"https:\/\/www.amef-consulting.com\/","name":"AMEF Consulting","description":"Conseil en strat\u00e9gie et management - Strategy and Management Advisory","publisher":{"@id":"https:\/\/www.amef-consulting.com\/#organization"},"alternateName":"AMEF","potentialAction":[{"@type":"SearchAction","target":{"@type":"EntryPoint","urlTemplate":"https:\/\/www.amef-consulting.com\/?s={search_term_string}"},"query-input":"required name=search_term_string"}],"inLanguage":"en-US"},{"@type":"Organization","@id":"https:\/\/www.amef-consulting.com\/#organization","name":"AMEF Consulting","alternateName":"AMEF","url":"https:\/\/www.amef-consulting.com\/","logo":{"@type":"ImageObject","inLanguage":"en-US","@id":"https:\/\/www.amef-consulting.com\/#\/schema\/logo\/image\/","url":"https:\/\/www.amef-consulting.com\/\/wp-content\/uploads\/2021\/04\/logo_fond-blanc.jpg.jpg","contentUrl":"https:\/\/www.amef-consulting.com\/\/wp-content\/uploads\/2021\/04\/logo_fond-blanc.jpg.jpg","width":514,"height":304,"caption":"AMEF Consulting"},"image":{"@id":"https:\/\/www.amef-consulting.com\/#\/schema\/logo\/image\/"},"sameAs":["https:\/\/www.linkedin.com\/company\/amef-consulting\/","https:\/\/www.youtube.com\/channel\/UCl0kR8Is0EBObFgCe-vRiCQ"]}]}},"_links":{"self":[{"href":"https:\/\/www.amef-consulting.com\/en\/wp-json\/wp\/v2\/pages\/17360"}],"collection":[{"href":"https:\/\/www.amef-consulting.com\/en\/wp-json\/wp\/v2\/pages"}],"about":[{"href":"https:\/\/www.amef-consulting.com\/en\/wp-json\/wp\/v2\/types\/page"}],"author":[{"embeddable":true,"href":"https:\/\/www.amef-consulting.com\/en\/wp-json\/wp\/v2\/users\/1"}],"replies":[{"embeddable":true,"href":"https:\/\/www.amef-consulting.com\/en\/wp-json\/wp\/v2\/comments?post=17360"}],"version-history":[{"count":0,"href":"https:\/\/www.amef-consulting.com\/en\/wp-json\/wp\/v2\/pages\/17360\/revisions"}],"up":[{"embeddable":true,"href":"https:\/\/www.amef-consulting.com\/en\/wp-json\/wp\/v2\/pages\/17370"}],"wp:attachment":[{"href":"https:\/\/www.amef-consulting.com\/en\/wp-json\/wp\/v2\/media?parent=17360"}],"curies":[{"name":"wp","href":"https:\/\/api.w.org\/{rel}","templated":true}]}}