{"id":17361,"date":"2021-11-09T16:42:47","date_gmt":"2021-11-09T15:42:47","guid":{"rendered":"https:\/\/www.amef-consulting.com?page_id=17361"},"modified":"2024-11-12T16:08:08","modified_gmt":"2024-11-12T15:08:08","slug":"green-finance","status":"publish","type":"page","link":"https:\/\/www.amef-consulting.com\/en\/expertise\/green-finance\/","title":{"rendered":"Green Finance"},"content":{"rendered":"\t\t<div data-elementor-type=\"wp-page\" data-elementor-id=\"17361\" class=\"elementor elementor-17361 elementor-2537\">\n\t\t\t\t\t\t\t\t\t<section class=\"elementor-section elementor-top-section elementor-element elementor-element-204ca0d elementor-section-stretched elementor-section-boxed elementor-section-height-default elementor-section-height-default\" data-id=\"204ca0d\" data-element_type=\"section\" data-settings=\"{&quot;stretch_section&quot;:&quot;section-stretched&quot;}\">\n\t\t\t\t\t\t<div class=\"elementor-container elementor-column-gap-no\">\n\t\t\t\t\t<div class=\"elementor-column elementor-col-66 elementor-top-column elementor-element elementor-element-482e6c0\" data-id=\"482e6c0\" data-element_type=\"column\">\n\t\t\t<div class=\"elementor-widget-wrap elementor-element-populated\">\n\t\t\t\t\t\t\t\t<section class=\"elementor-section elementor-inner-section elementor-element elementor-element-ac0de98 elementor-section-boxed elementor-section-height-default elementor-section-height-default\" data-id=\"ac0de98\" data-element_type=\"section\">\n\t\t\t\t\t\t<div class=\"elementor-container elementor-column-gap-no\">\n\t\t\t\t\t<div class=\"elementor-column elementor-col-100 elementor-inner-column elementor-element elementor-element-319a268\" data-id=\"319a268\" data-element_type=\"column\">\n\t\t\t<div class=\"elementor-widget-wrap elementor-element-populated\">\n\t\t\t\t\t\t\t\t<div class=\"elementor-element elementor-element-6244d65 gyan-title-st-line-after elementor-widget elementor-widget-gyan_title\" data-id=\"6244d65\" data-element_type=\"widget\" data-widget_type=\"gyan_title.default\">\n\t\t\t\t<div class=\"elementor-widget-container\">\n\t\t\t\t\t<div class=\"gyan-title\">\r\n\t\t\t<div class=\"gyan-title-subtitle\"><span>Our Expertise<\/span><\/div><h2 class=\"gyan-title-heading\">Green and Climate Finance<\/h2>\t\t<\/div>\r\n\t\t\t\t<\/div>\n\t\t\t\t<\/div>\n\t\t\t\t<div class=\"elementor-element elementor-element-7bca445 elementor-widget elementor-widget-text-editor\" data-id=\"7bca445\" data-element_type=\"widget\" data-widget_type=\"text-editor.default\">\n\t\t\t\t<div class=\"elementor-widget-container\">\n\t\t\t\t\t\t\t<p>Many <strong>energy<\/strong> and <strong>ecology transition<\/strong> programs are being implemented around the world to address the problem of environmental pollution and global warming. These programs are supported by several countries and international organizations such as <strong><a href=\"https:\/\/www.unep.org\/\">UNEP<\/a><\/strong> or the <strong><a href=\"https:\/\/www.greenclimate.fund\/\">GCF<\/a><\/strong>\u00a0fund.<\/p><p>To secure funding for these programs and any project that contributes to the achievement of the associated objectives, <a href=\"\/notre-offre\/financement-des-projets-verts\/\"><strong>Green and Climate Finance<\/strong><\/a> has become a specific business that requires the use of <strong>green financial products<\/strong> according to recognized labels.<\/p><p>As it is convinced of the necessity to ensure <strong>sustainable development<\/strong> for future generations, AMEF Consulting has developed expertise in the financing of <strong>renewable energy<\/strong> and <strong>energy efficiency<\/strong> projects and has participated in several missions to assist financial institutions in this field.<\/p><p><strong>Example of carried-out missions<\/strong><\/p><ul><li><a href=\"\/portfolio-item\/assistance-technique-au-developpement-du-financement-des-projets-verts-sunref-tunisie\/\">D\u00e9veloppement des capacit\u00e9s techniques de plusieurs banques en mati\u00e8re de financement de projets Verts (Tunisie) &#8211;<\/a>\u00a0<\/li><li><a href=\"\/portfolio-item\/developpement-de-produits-de-financement-par-leasing-de-projets-defficacite-energetique-et-denergies-renouvelables-aux-pme\/\">Appui d\u2019une soci\u00e9t\u00e9 de leasing dans la d\u00e9finition du concept Marketing et de produits de financements de projets verts (Tunisie) &#8211;<\/a>\u00a0<\/li><li><a href=\"\/portfolio-item\/etude-de-la-promotion-de-lutilisation-du-photovoltaique-dans-le-secteur-de-lagriculture-et-de-lagroalimentaire-en-tunisie\/\">Etude de la promotion de l\u2019utilisation du photovolta\u00efque dans le domaine de l\u2019agriculture et l\u2019agroalimentaire (Tunisie) &#8211;<\/a>\u00a0<\/li><\/ul>\t\t\t\t\t\t<\/div>\n\t\t\t\t<\/div>\n\t\t\t\t\t<\/div>\n\t\t<\/div>\n\t\t\t\t\t\t\t<\/div>\n\t\t<\/section>\n\t\t\t\t\t<\/div>\n\t\t<\/div>\n\t\t\t\t<div class=\"elementor-column elementor-col-33 elementor-top-column elementor-element elementor-element-8239472\" data-id=\"8239472\" data-element_type=\"column\">\n\t\t\t<div class=\"elementor-widget-wrap elementor-element-populated\">\n\t\t\t\t\t\t\t\t<section class=\"elementor-section elementor-inner-section elementor-element elementor-element-d0ba2c7 elementor-section-boxed elementor-section-height-default elementor-section-height-default\" data-id=\"d0ba2c7\" data-element_type=\"section\">\n\t\t\t\t\t\t<div class=\"elementor-container elementor-column-gap-no\">\n\t\t\t\t\t<div class=\"elementor-column elementor-col-100 elementor-inner-column elementor-element elementor-element-95f2fb8\" data-id=\"95f2fb8\" data-element_type=\"column\">\n\t\t\t<div class=\"elementor-widget-wrap elementor-element-populated\">\n\t\t\t\t\t\t\t\t<div class=\"elementor-element elementor-element-846df18 gyan-menu-list-vertical elementor-widget elementor-widget-gyan_menu_list\" data-id=\"846df18\" data-element_type=\"widget\" data-widget_type=\"gyan_menu_list.default\">\n\t\t\t\t<div class=\"elementor-widget-container\">\n\t\t\t<div class=\"gyan-menu-list\"><div class=\"menu-expertise-en-container\"><ul id=\"menu-expertise-en\" class=\"gyan-menu-list-item gyan-ease-transition\"><li id=\"menu-item-18163\" class=\"menu-item menu-item-type-post_type menu-item-object-page menu-item-18163\"><a href=\"https:\/\/www.amef-consulting.com\/en\/expertise\/retail-banking\/\">Retail Banking<\/a><\/li>\n<li id=\"menu-item-18161\" class=\"menu-item menu-item-type-post_type menu-item-object-page menu-item-18161\"><a href=\"https:\/\/www.amef-consulting.com\/en\/expertise\/inclusive-finance\/\">Inclusive Finance<\/a><\/li>\n<li id=\"menu-item-18160\" class=\"menu-item menu-item-type-post_type menu-item-object-page menu-item-18160\"><a href=\"https:\/\/www.amef-consulting.com\/en\/expertise\/green-finance\/\">Green Finance<\/a><\/li>\n<li id=\"menu-item-18162\" class=\"menu-item menu-item-type-post_type menu-item-object-page menu-item-18162\"><a href=\"https:\/\/www.amef-consulting.com\/en\/expertise\/islamic-finance\/\">Islamic Finance<\/a><\/li>\n<\/ul><\/div><\/div>\t\t<\/div>\n\t\t\t\t<\/div>\n\t\t\t\t\t<\/div>\n\t\t<\/div>\n\t\t\t\t\t\t\t<\/div>\n\t\t<\/section>\n\t\t\t\t<section class=\"elementor-section elementor-inner-section elementor-element elementor-element-c435d55 elementor-section-boxed elementor-section-height-default elementor-section-height-default\" data-id=\"c435d55\" data-element_type=\"section\">\n\t\t\t\t\t\t<div class=\"elementor-container elementor-column-gap-no\">\n\t\t\t\t\t<div class=\"elementor-column elementor-col-100 elementor-inner-column elementor-element elementor-element-2832e17\" data-id=\"2832e17\" data-element_type=\"column\" data-settings=\"{&quot;background_background&quot;:&quot;classic&quot;}\">\n\t\t\t<div class=\"elementor-widget-wrap elementor-element-populated\">\n\t\t\t\t\t\t\t\t<div class=\"elementor-element elementor-element-a0ea849 gyan-infobox-align-left gyan-infobox-fullwidth-button-yes gyan-infobox-position-top gyan-infobox-center-no gyan-hover-animation-none gyan-animation-box-fade elementor-widget elementor-widget-gyan_info_box\" data-id=\"a0ea849\" data-element_type=\"widget\" data-widget_type=\"gyan_info_box.default\">\n\t\t\t\t<div class=\"elementor-widget-container\">\n\t\t\t\n\t\t<div class=\"gyan-info-box gyan-animation-box gyan-ease-transition\">\n\n\t\t\t\n\t\t\t\n\t\t\t\t<div class=\"gyan-infobox-icon-holder gyan-ease-transition\">\n\n\t\t\t\t\t\n\t\t\t\t\t\n\t\t\t\t\t\t\t\t\t\t\t<span class=\"gyan-infobox-icon gyan-icon gyan-ease-transition\"><\/span>\n\t\t\t\t\t\n\t\t\t\t\t\n\t\t\t\t\t\n\t\t\t\t<\/div>\n\n\t\t\t\n\t\t\t<div class=\"gyan-infobox-content-holder\">\n\n\t\t\t\t\n\t\t\t\t\t<h4 class=\"gyan-infobox-title gyan-ease-transition\">\n\t\t\t\t\t\t\t\t\t\t\t\tAbout us\t\t\t\t\t\t\t\t\t\t\t<\/h4>\n\n\t\t\t\t\n\t\t\t\t\n\t\t\t\t\n\t\t\t\t\t<div class=\"gyan-infobox-content gyan-ease-transition\">\n\t\t\t\t\t\tWe are a strategy and management consulting firm, specialized in the finance sector and focused on Africa and the Middle East.\t\t\t\t\t<\/div>\n\n\t\t\t\t\n\t\t\t\t\t\t\t\t\t\t<a href=\"http:\/\/wp-content\/uploads\/2021\/12\/plaquette-amef-consulting-en-06-19.pdf\" class=\"gyan-infobox-link gyan-info-box-button gyan-ease-transition\" target=\"_blank\"><span>Our brochure<\/span><\/a>\n\n\t\t\t\t\n\t\t\t\t<div class=\"clear\"><\/div>\n\t\t\t<\/div>\n\t\t<\/div>\n\t\t\t<\/div>\n\t\t\t\t<\/div>\n\t\t\t\t\t<\/div>\n\t\t<\/div>\n\t\t\t\t\t\t\t<\/div>\n\t\t<\/section>\n\t\t\t\t\t<\/div>\n\t\t<\/div>\n\t\t\t\t\t\t\t<\/div>\n\t\t<\/section>\n\t\t\t\t\t\t\t<\/div>\n\t\t","protected":false},"excerpt":{"rendered":"<p>Our Expertise Green and Climate Finance Many energy and ecology transition programs are being implemented around the world to address the problem of environmental pollution and global warming. These programs are supported by several countries and international organizations such as UNEP or the GCF\u00a0fund. To secure funding for these programs [&hellip;]<\/p>\n","protected":false},"author":1,"featured_media":0,"parent":17370,"menu_order":0,"comment_status":"closed","ping_status":"closed","template":"elementor_header_footer","meta":{"inline_featured_image":false,"footnotes":""},"yoast_head":"<!-- This site is optimized with the Yoast SEO Premium plugin v21.5 (Yoast SEO v21.5) - https:\/\/yoast.com\/wordpress\/plugins\/seo\/ -->\n<title>Green Finance - AMEF Consulting<\/title>\n<meta name=\"description\" content=\"Cabinet de conseil AMEF Consulting, expert en finance islamique, accompagne les banques africaines vers un avenir durable et responsable.\" \/>\n<meta name=\"robots\" content=\"index, follow, max-snippet:-1, max-image-preview:large, max-video-preview:-1\" \/>\n<link rel=\"canonical\" href=\"https:\/\/www.amef-consulting.com\/en\/expertise\/green-finance\/\" \/>\n<meta property=\"og:locale\" content=\"en_US\" \/>\n<meta property=\"og:type\" content=\"article\" \/>\n<meta property=\"og:title\" content=\"Green Finance\" \/>\n<meta property=\"og:description\" content=\"Cabinet de conseil AMEF Consulting, expert en finance islamique, accompagne les banques africaines vers un avenir durable et responsable.\" \/>\n<meta property=\"og:url\" content=\"https:\/\/www.amef-consulting.com\/en\/expertise\/green-finance\/\" \/>\n<meta property=\"og:site_name\" content=\"AMEF Consulting\" \/>\n<meta property=\"article:modified_time\" content=\"2024-11-12T15:08:08+00:00\" \/>\n<meta name=\"twitter:card\" content=\"summary_large_image\" \/>\n<meta name=\"twitter:label1\" content=\"Est. reading time\" \/>\n\t<meta name=\"twitter:data1\" content=\"2 minutes\" \/>\n<script type=\"application\/ld+json\" class=\"yoast-schema-graph\">{\"@context\":\"https:\/\/schema.org\",\"@graph\":[{\"@type\":\"WebPage\",\"@id\":\"https:\/\/www.amef-consulting.com\/en\/expertise\/green-finance\/\",\"url\":\"https:\/\/www.amef-consulting.com\/en\/expertise\/green-finance\/\",\"name\":\"Green Finance - AMEF Consulting\",\"isPartOf\":{\"@id\":\"https:\/\/www.amef-consulting.com\/#website\"},\"datePublished\":\"2021-11-09T15:42:47+00:00\",\"dateModified\":\"2024-11-12T15:08:08+00:00\",\"description\":\"Cabinet de conseil AMEF Consulting, expert en finance islamique, accompagne les banques africaines vers un avenir durable et responsable.\",\"breadcrumb\":{\"@id\":\"https:\/\/www.amef-consulting.com\/en\/expertise\/green-finance\/#breadcrumb\"},\"inLanguage\":\"en-US\",\"potentialAction\":[{\"@type\":\"ReadAction\",\"target\":[\"https:\/\/www.amef-consulting.com\/en\/expertise\/green-finance\/\"]}]},{\"@type\":\"BreadcrumbList\",\"@id\":\"https:\/\/www.amef-consulting.com\/en\/expertise\/green-finance\/#breadcrumb\",\"itemListElement\":[{\"@type\":\"ListItem\",\"position\":1,\"name\":\"Accueil\",\"item\":\"https:\/\/www.amef-consulting.com\/en\/\"},{\"@type\":\"ListItem\",\"position\":2,\"name\":\"Expertise\",\"item\":\"https:\/\/www.amef-consulting.com\/en\/expertise\/\"},{\"@type\":\"ListItem\",\"position\":3,\"name\":\"Green Finance\"}]},{\"@type\":\"WebSite\",\"@id\":\"https:\/\/www.amef-consulting.com\/#website\",\"url\":\"https:\/\/www.amef-consulting.com\/\",\"name\":\"AMEF Consulting\",\"description\":\"Conseil en strat\u00e9gie et management - Strategy and Management Advisory\",\"publisher\":{\"@id\":\"https:\/\/www.amef-consulting.com\/#organization\"},\"alternateName\":\"AMEF\",\"potentialAction\":[{\"@type\":\"SearchAction\",\"target\":{\"@type\":\"EntryPoint\",\"urlTemplate\":\"https:\/\/www.amef-consulting.com\/?s={search_term_string}\"},\"query-input\":\"required name=search_term_string\"}],\"inLanguage\":\"en-US\"},{\"@type\":\"Organization\",\"@id\":\"https:\/\/www.amef-consulting.com\/#organization\",\"name\":\"AMEF Consulting\",\"alternateName\":\"AMEF\",\"url\":\"https:\/\/www.amef-consulting.com\/\",\"logo\":{\"@type\":\"ImageObject\",\"inLanguage\":\"en-US\",\"@id\":\"https:\/\/www.amef-consulting.com\/#\/schema\/logo\/image\/\",\"url\":\"https:\/\/www.amef-consulting.com\/\/wp-content\/uploads\/2021\/04\/logo_fond-blanc.jpg.jpg\",\"contentUrl\":\"https:\/\/www.amef-consulting.com\/\/wp-content\/uploads\/2021\/04\/logo_fond-blanc.jpg.jpg\",\"width\":514,\"height\":304,\"caption\":\"AMEF Consulting\"},\"image\":{\"@id\":\"https:\/\/www.amef-consulting.com\/#\/schema\/logo\/image\/\"},\"sameAs\":[\"https:\/\/www.linkedin.com\/company\/amef-consulting\/\",\"https:\/\/www.youtube.com\/channel\/UCl0kR8Is0EBObFgCe-vRiCQ\"]}]}<\/script>\n<!-- \/ Yoast SEO Premium plugin. -->","yoast_head_json":{"title":"Green Finance - AMEF Consulting","description":"Cabinet de conseil AMEF Consulting, expert en finance islamique, accompagne les banques africaines vers un avenir durable et responsable.","robots":{"index":"index","follow":"follow","max-snippet":"max-snippet:-1","max-image-preview":"max-image-preview:large","max-video-preview":"max-video-preview:-1"},"canonical":"https:\/\/www.amef-consulting.com\/en\/expertise\/green-finance\/","og_locale":"en_US","og_type":"article","og_title":"Green Finance","og_description":"Cabinet de conseil AMEF Consulting, expert en finance islamique, accompagne les banques africaines vers un avenir durable et responsable.","og_url":"https:\/\/www.amef-consulting.com\/en\/expertise\/green-finance\/","og_site_name":"AMEF Consulting","article_modified_time":"2024-11-12T15:08:08+00:00","twitter_card":"summary_large_image","twitter_misc":{"Est. reading time":"2 minutes"},"schema":{"@context":"https:\/\/schema.org","@graph":[{"@type":"WebPage","@id":"https:\/\/www.amef-consulting.com\/en\/expertise\/green-finance\/","url":"https:\/\/www.amef-consulting.com\/en\/expertise\/green-finance\/","name":"Green Finance - AMEF Consulting","isPartOf":{"@id":"https:\/\/www.amef-consulting.com\/#website"},"datePublished":"2021-11-09T15:42:47+00:00","dateModified":"2024-11-12T15:08:08+00:00","description":"Cabinet de conseil AMEF Consulting, expert en finance islamique, accompagne les banques africaines vers un avenir durable et responsable.","breadcrumb":{"@id":"https:\/\/www.amef-consulting.com\/en\/expertise\/green-finance\/#breadcrumb"},"inLanguage":"en-US","potentialAction":[{"@type":"ReadAction","target":["https:\/\/www.amef-consulting.com\/en\/expertise\/green-finance\/"]}]},{"@type":"BreadcrumbList","@id":"https:\/\/www.amef-consulting.com\/en\/expertise\/green-finance\/#breadcrumb","itemListElement":[{"@type":"ListItem","position":1,"name":"Accueil","item":"https:\/\/www.amef-consulting.com\/en\/"},{"@type":"ListItem","position":2,"name":"Expertise","item":"https:\/\/www.amef-consulting.com\/en\/expertise\/"},{"@type":"ListItem","position":3,"name":"Green Finance"}]},{"@type":"WebSite","@id":"https:\/\/www.amef-consulting.com\/#website","url":"https:\/\/www.amef-consulting.com\/","name":"AMEF Consulting","description":"Conseil en strat\u00e9gie et management - Strategy and Management Advisory","publisher":{"@id":"https:\/\/www.amef-consulting.com\/#organization"},"alternateName":"AMEF","potentialAction":[{"@type":"SearchAction","target":{"@type":"EntryPoint","urlTemplate":"https:\/\/www.amef-consulting.com\/?s={search_term_string}"},"query-input":"required name=search_term_string"}],"inLanguage":"en-US"},{"@type":"Organization","@id":"https:\/\/www.amef-consulting.com\/#organization","name":"AMEF Consulting","alternateName":"AMEF","url":"https:\/\/www.amef-consulting.com\/","logo":{"@type":"ImageObject","inLanguage":"en-US","@id":"https:\/\/www.amef-consulting.com\/#\/schema\/logo\/image\/","url":"https:\/\/www.amef-consulting.com\/\/wp-content\/uploads\/2021\/04\/logo_fond-blanc.jpg.jpg","contentUrl":"https:\/\/www.amef-consulting.com\/\/wp-content\/uploads\/2021\/04\/logo_fond-blanc.jpg.jpg","width":514,"height":304,"caption":"AMEF Consulting"},"image":{"@id":"https:\/\/www.amef-consulting.com\/#\/schema\/logo\/image\/"},"sameAs":["https:\/\/www.linkedin.com\/company\/amef-consulting\/","https:\/\/www.youtube.com\/channel\/UCl0kR8Is0EBObFgCe-vRiCQ"]}]}},"_links":{"self":[{"href":"https:\/\/www.amef-consulting.com\/en\/wp-json\/wp\/v2\/pages\/17361"}],"collection":[{"href":"https:\/\/www.amef-consulting.com\/en\/wp-json\/wp\/v2\/pages"}],"about":[{"href":"https:\/\/www.amef-consulting.com\/en\/wp-json\/wp\/v2\/types\/page"}],"author":[{"embeddable":true,"href":"https:\/\/www.amef-consulting.com\/en\/wp-json\/wp\/v2\/users\/1"}],"replies":[{"embeddable":true,"href":"https:\/\/www.amef-consulting.com\/en\/wp-json\/wp\/v2\/comments?post=17361"}],"version-history":[{"count":0,"href":"https:\/\/www.amef-consulting.com\/en\/wp-json\/wp\/v2\/pages\/17361\/revisions"}],"up":[{"embeddable":true,"href":"https:\/\/www.amef-consulting.com\/en\/wp-json\/wp\/v2\/pages\/17370"}],"wp:attachment":[{"href":"https:\/\/www.amef-consulting.com\/en\/wp-json\/wp\/v2\/media?parent=17361"}],"curies":[{"name":"wp","href":"https:\/\/api.w.org\/{rel}","templated":true}]}}