{"id":17370,"date":"2021-11-09T16:51:14","date_gmt":"2021-11-09T15:51:14","guid":{"rendered":"https:\/\/www.amef-consulting.com?page_id=17370"},"modified":"2024-11-12T16:06:59","modified_gmt":"2024-11-12T15:06:59","slug":"expertise","status":"publish","type":"page","link":"https:\/\/www.amef-consulting.com\/en\/expertise\/","title":{"rendered":"Expertise"},"content":{"rendered":"\t\t<div data-elementor-type=\"wp-page\" data-elementor-id=\"17370\" class=\"elementor elementor-17370 elementor-319\">\n\t\t\t\t\t\t\t\t\t<section class=\"elementor-section elementor-top-section elementor-element elementor-element-cd66a04 elementor-section-stretched elementor-section-boxed elementor-section-height-default elementor-section-height-default\" data-id=\"cd66a04\" data-element_type=\"section\" data-settings=\"{&quot;stretch_section&quot;:&quot;section-stretched&quot;}\">\n\t\t\t\t\t\t<div class=\"elementor-container elementor-column-gap-no\">\n\t\t\t\t\t<div class=\"elementor-column elementor-col-100 elementor-top-column elementor-element elementor-element-f43e703\" data-id=\"f43e703\" data-element_type=\"column\">\n\t\t\t<div class=\"elementor-widget-wrap elementor-element-populated\">\n\t\t\t\t\t\t\t\t<section class=\"elementor-section elementor-inner-section elementor-element elementor-element-42fefcf elementor-section-boxed elementor-section-height-default elementor-section-height-default\" data-id=\"42fefcf\" data-element_type=\"section\">\n\t\t\t\t\t\t<div class=\"elementor-container elementor-column-gap-no\">\n\t\t\t\t\t<div class=\"elementor-column elementor-col-100 elementor-inner-column elementor-element elementor-element-d01b56c\" data-id=\"d01b56c\" data-element_type=\"column\">\n\t\t\t<div class=\"elementor-widget-wrap elementor-element-populated\">\n\t\t\t\t\t\t\t\t<div class=\"elementor-element elementor-element-761727c gyan-title-st-line-after elementor-widget elementor-widget-gyan_title\" data-id=\"761727c\" data-element_type=\"widget\" data-widget_type=\"gyan_title.default\">\n\t\t\t\t<div class=\"elementor-widget-container\">\n\t\t\t\t\t<div class=\"gyan-title\">\r\n\t\t\t<div class=\"gyan-title-subtitle\"><span>Our Expertise<\/span><\/div><h2 class=\"gyan-title-heading\">Strong business expertise in Finance<\/h2>\t\t<\/div>\r\n\t\t\t\t<\/div>\n\t\t\t\t<\/div>\n\t\t\t\t<div class=\"elementor-element elementor-element-939140b elementor-widget elementor-widget-text-editor\" data-id=\"939140b\" data-element_type=\"widget\" data-widget_type=\"text-editor.default\">\n\t\t\t\t<div class=\"elementor-widget-container\">\n\t\t\t\t\t\t\t<p>Based on a strategic choice, <strong>AMEF Consulting<\/strong> has specialized in the Finance sector in order to provide its clients with <strong>strong business expertise<\/strong>. Thus, and in view of the various missions carried out since its creation and the experience of its Experts, AMEF Consulting has developed strong expertise in the following businesses: <strong>Retail Banking <\/strong>; <strong>Inclusive Finance <\/strong>; <strong>Green Finance <\/strong>; <strong>Islamic Finance<\/strong><\/p>\t\t\t\t\t\t<\/div>\n\t\t\t\t<\/div>\n\t\t\t\t\t<\/div>\n\t\t<\/div>\n\t\t\t\t\t\t\t<\/div>\n\t\t<\/section>\n\t\t\t\t\t<\/div>\n\t\t<\/div>\n\t\t\t\t\t\t\t<\/div>\n\t\t<\/section>\n\t\t\t\t<section class=\"elementor-section elementor-top-section elementor-element elementor-element-fbb2666 elementor-section-stretched elementor-section-boxed elementor-section-height-default elementor-section-height-default\" data-id=\"fbb2666\" data-element_type=\"section\" data-settings=\"{&quot;stretch_section&quot;:&quot;section-stretched&quot;}\">\n\t\t\t\t\t\t<div class=\"elementor-container elementor-column-gap-wider\">\n\t\t\t\t\t<div class=\"elementor-column elementor-col-25 elementor-top-column elementor-element elementor-element-44cd014\" data-id=\"44cd014\" data-element_type=\"column\">\n\t\t\t<div class=\"elementor-widget-wrap elementor-element-populated\">\n\t\t\t\t\t\t\t\t<div class=\"elementor-element elementor-element-67c417b gyan-infobox-align-left gyan-infobox-fullwidth-button-no gyan-infobox-position-top gyan-infobox-center-no gyan-hover-animation-none gyan-animation-box-fade elementor-widget elementor-widget-gyan_info_box\" data-id=\"67c417b\" data-element_type=\"widget\" data-widget_type=\"gyan_info_box.default\">\n\t\t\t\t<div class=\"elementor-widget-container\">\n\t\t\t\n\t\t<div class=\"gyan-info-box gyan-animation-box gyan-ease-transition\">\n\n\t\t\t\n\t\t\t\n\t\t\t\t<div class=\"gyan-infobox-icon-holder gyan-ease-transition\">\n\n\t\t\t\t\t\n\t\t\t\t\t\n\t\t\t\t\t\n\t\t\t\t\t\n\t\t\t\t\t\t\t\t\t\t\t<span class=\"gyan-infobox-text\"><\/span>\n\t\t\t\t\t\n\t\t\t\t<\/div>\n\n\t\t\t\n\t\t\t<div class=\"gyan-infobox-content-holder\">\n\n\t\t\t\t\n\t\t\t\t\t<h4 class=\"gyan-infobox-title gyan-ease-transition\">\n\t\t\t\t\t\t\t\t\t\t\t\tRetail Banking \t\t\t\t\t\t\t\t\t\t\t<\/h4>\n\n\t\t\t\t\n\t\t\t\t\n\t\t\t\t\n\t\t\t\t\t<div class=\"gyan-infobox-content gyan-ease-transition\">\n\t\t\t\t\t\tRetail Banking plays a key role in the development of emerging economies through the mobilization of savings, the development of payment ...\t\t\t\t\t<\/div>\n\n\t\t\t\t\n\t\t\t\t\t\t\t\t\t\t<a href=\"\/en\/expertise\/retail-banking\/\" class=\"gyan-infobox-link gyan-info-box-button gyan-ease-transition\"><span>More details<\/span><\/a>\n\n\t\t\t\t\n\t\t\t\t<div class=\"clear\"><\/div>\n\t\t\t<\/div>\n\t\t<\/div>\n\t\t\t<\/div>\n\t\t\t\t<\/div>\n\t\t\t\t\t<\/div>\n\t\t<\/div>\n\t\t\t\t<div class=\"elementor-column elementor-col-25 elementor-top-column elementor-element elementor-element-2b55576\" data-id=\"2b55576\" data-element_type=\"column\">\n\t\t\t<div class=\"elementor-widget-wrap elementor-element-populated\">\n\t\t\t\t\t\t\t\t<div class=\"elementor-element elementor-element-25e33d6 gyan-infobox-align-left gyan-infobox-fullwidth-button-no gyan-infobox-position-top gyan-infobox-center-no gyan-hover-animation-none gyan-animation-box-fade elementor-widget elementor-widget-gyan_info_box\" data-id=\"25e33d6\" data-element_type=\"widget\" data-widget_type=\"gyan_info_box.default\">\n\t\t\t\t<div class=\"elementor-widget-container\">\n\t\t\t\n\t\t<div class=\"gyan-info-box gyan-animation-box gyan-ease-transition\">\n\n\t\t\t\n\t\t\t\n\t\t\t\t<div class=\"gyan-infobox-icon-holder gyan-ease-transition\">\n\n\t\t\t\t\t\n\t\t\t\t\t\n\t\t\t\t\t\n\t\t\t\t\t\n\t\t\t\t\t\t\t\t\t\t\t<span class=\"gyan-infobox-text\"><\/span>\n\t\t\t\t\t\n\t\t\t\t<\/div>\n\n\t\t\t\n\t\t\t<div class=\"gyan-infobox-content-holder\">\n\n\t\t\t\t\n\t\t\t\t\t<h4 class=\"gyan-infobox-title gyan-ease-transition\">\n\t\t\t\t\t\t\t\t\t\t\t\tInclusive Finance \t\t\t\t\t\t\t\t\t\t\t<\/h4>\n\n\t\t\t\t\n\t\t\t\t\n\t\t\t\t\n\t\t\t\t\t<div class=\"gyan-infobox-content gyan-ease-transition\">\n\t\t\t\t\t\tTo have access to financial services including loans, savings, payment means and insurance products for people and small entrepreneurs is essential...\t\t\t\t\t<\/div>\n\n\t\t\t\t\n\t\t\t\t\t\t\t\t\t\t<a href=\"\/en\/expertise\/inclusive-finance\/\" class=\"gyan-infobox-link gyan-info-box-button gyan-ease-transition\"><span>More details<\/span><\/a>\n\n\t\t\t\t\n\t\t\t\t<div class=\"clear\"><\/div>\n\t\t\t<\/div>\n\t\t<\/div>\n\t\t\t<\/div>\n\t\t\t\t<\/div>\n\t\t\t\t\t<\/div>\n\t\t<\/div>\n\t\t\t\t<div class=\"elementor-column elementor-col-25 elementor-top-column elementor-element elementor-element-220a0e0\" data-id=\"220a0e0\" data-element_type=\"column\">\n\t\t\t<div class=\"elementor-widget-wrap elementor-element-populated\">\n\t\t\t\t\t\t\t\t<div class=\"elementor-element elementor-element-bd1f8bf gyan-infobox-align-left gyan-infobox-fullwidth-button-no gyan-infobox-position-top gyan-infobox-center-no gyan-hover-animation-none gyan-animation-box-fade elementor-widget elementor-widget-gyan_info_box\" data-id=\"bd1f8bf\" data-element_type=\"widget\" data-widget_type=\"gyan_info_box.default\">\n\t\t\t\t<div class=\"elementor-widget-container\">\n\t\t\t\n\t\t<div class=\"gyan-info-box gyan-animation-box gyan-ease-transition\">\n\n\t\t\t\n\t\t\t\n\t\t\t\t<div class=\"gyan-infobox-icon-holder gyan-ease-transition\">\n\n\t\t\t\t\t\n\t\t\t\t\t\n\t\t\t\t\t\n\t\t\t\t\t\n\t\t\t\t\t\t\t\t\t\t\t<span class=\"gyan-infobox-text\"><\/span>\n\t\t\t\t\t\n\t\t\t\t<\/div>\n\n\t\t\t\n\t\t\t<div class=\"gyan-infobox-content-holder\">\n\n\t\t\t\t\n\t\t\t\t\t<h4 class=\"gyan-infobox-title gyan-ease-transition\">\n\t\t\t\t\t\t\t\t\t\t\t\tGreen Finance\t\t\t\t\t\t\t\t\t\t\t<\/h4>\n\n\t\t\t\t\n\t\t\t\t\n\t\t\t\t\n\t\t\t\t\t<div class=\"gyan-infobox-content gyan-ease-transition\">\n\t\t\t\t\t\tMany energy and ecology transition programs are being implemented around the world to address the problem of environmental pollution and global warming....\t\t\t\t\t<\/div>\n\n\t\t\t\t\n\t\t\t\t\t\t\t\t\t\t<a href=\"\/en\/expertise\/green-finance\/\" class=\"gyan-infobox-link gyan-info-box-button gyan-ease-transition\"><span>More details<\/span><\/a>\n\n\t\t\t\t\n\t\t\t\t<div class=\"clear\"><\/div>\n\t\t\t<\/div>\n\t\t<\/div>\n\t\t\t<\/div>\n\t\t\t\t<\/div>\n\t\t\t\t\t<\/div>\n\t\t<\/div>\n\t\t\t\t<div class=\"elementor-column elementor-col-25 elementor-top-column elementor-element elementor-element-32382a7\" data-id=\"32382a7\" data-element_type=\"column\">\n\t\t\t<div class=\"elementor-widget-wrap elementor-element-populated\">\n\t\t\t\t\t\t\t\t<div class=\"elementor-element elementor-element-dcaf4b9 gyan-infobox-align-left gyan-infobox-fullwidth-button-no gyan-infobox-position-top gyan-infobox-center-no gyan-hover-animation-none gyan-animation-box-fade elementor-widget elementor-widget-gyan_info_box\" data-id=\"dcaf4b9\" data-element_type=\"widget\" data-widget_type=\"gyan_info_box.default\">\n\t\t\t\t<div class=\"elementor-widget-container\">\n\t\t\t\n\t\t<div class=\"gyan-info-box gyan-animation-box gyan-ease-transition\">\n\n\t\t\t\n\t\t\t\n\t\t\t\t<div class=\"gyan-infobox-icon-holder gyan-ease-transition\">\n\n\t\t\t\t\t\n\t\t\t\t\t\n\t\t\t\t\t\n\t\t\t\t\t\n\t\t\t\t\t\t\t\t\t\t\t<span class=\"gyan-infobox-text\"><\/span>\n\t\t\t\t\t\n\t\t\t\t<\/div>\n\n\t\t\t\n\t\t\t<div class=\"gyan-infobox-content-holder\">\n\n\t\t\t\t\n\t\t\t\t\t<h4 class=\"gyan-infobox-title gyan-ease-transition\">\n\t\t\t\t\t\t\t\t\t\t\t\tIslamic Finance\t\t\t\t\t\t\t\t\t\t\t<\/h4>\n\n\t\t\t\t\n\t\t\t\t\n\t\t\t\t\n\t\t\t\t\t<div class=\"gyan-infobox-content gyan-ease-transition\">\n\t\t\t\t\t\tIslamic Finance has been developing rapidly since the 2007-08 Subprime crisis and now works within a more established and favorable regulatory ...\t\t\t\t\t<\/div>\n\n\t\t\t\t\n\t\t\t\t\t\t\t\t\t\t<a href=\"\/en\/expertise\/islamic-finance\/\" class=\"gyan-infobox-link gyan-info-box-button gyan-ease-transition\"><span>More details<\/span><\/a>\n\n\t\t\t\t\n\t\t\t\t<div class=\"clear\"><\/div>\n\t\t\t<\/div>\n\t\t<\/div>\n\t\t\t<\/div>\n\t\t\t\t<\/div>\n\t\t\t\t\t<\/div>\n\t\t<\/div>\n\t\t\t\t\t\t\t<\/div>\n\t\t<\/section>\n\t\t\t\t\t\t\t<\/div>\n\t\t","protected":false},"excerpt":{"rendered":"<p>Our Expertise Strong business expertise in Finance Based on a strategic choice, AMEF Consulting has specialized in the Finance sector in order to provide its clients with strong business expertise. Thus, and in view of the various missions carried out since its creation and the experience of its Experts, AMEF [&hellip;]<\/p>\n","protected":false},"author":1,"featured_media":0,"parent":0,"menu_order":0,"comment_status":"closed","ping_status":"closed","template":"elementor_header_footer","meta":{"inline_featured_image":false,"footnotes":""},"yoast_head":"<!-- This site is optimized with the Yoast SEO Premium plugin v21.5 (Yoast SEO v21.5) - https:\/\/yoast.com\/wordpress\/plugins\/seo\/ -->\n<title>Expertise - AMEF Consulting<\/title>\n<meta name=\"description\" content=\"AMEF Consulting, sp\u00e9cialiste en finance verte, aide les banques africaines \u00e0 relever les d\u00e9fis de la croissance durable et inclusive.\" \/>\n<meta name=\"robots\" content=\"index, follow, max-snippet:-1, max-image-preview:large, max-video-preview:-1\" \/>\n<link rel=\"canonical\" href=\"https:\/\/www.amef-consulting.com\/en\/expertise\/\" \/>\n<meta property=\"og:locale\" content=\"en_US\" \/>\n<meta property=\"og:type\" content=\"article\" \/>\n<meta property=\"og:title\" content=\"Expertise\" \/>\n<meta property=\"og:description\" content=\"AMEF Consulting, sp\u00e9cialiste en finance verte, aide les banques africaines \u00e0 relever les d\u00e9fis de la croissance durable et inclusive.\" \/>\n<meta property=\"og:url\" content=\"https:\/\/www.amef-consulting.com\/en\/expertise\/\" \/>\n<meta property=\"og:site_name\" content=\"AMEF Consulting\" \/>\n<meta property=\"article:modified_time\" content=\"2024-11-12T15:06:59+00:00\" \/>\n<meta name=\"twitter:card\" content=\"summary_large_image\" \/>\n<meta name=\"twitter:label1\" content=\"Est. reading time\" \/>\n\t<meta name=\"twitter:data1\" content=\"1 minute\" \/>\n<script type=\"application\/ld+json\" class=\"yoast-schema-graph\">{\"@context\":\"https:\/\/schema.org\",\"@graph\":[{\"@type\":\"WebPage\",\"@id\":\"https:\/\/www.amef-consulting.com\/en\/expertise\/\",\"url\":\"https:\/\/www.amef-consulting.com\/en\/expertise\/\",\"name\":\"Expertise - AMEF Consulting\",\"isPartOf\":{\"@id\":\"https:\/\/www.amef-consulting.com\/#website\"},\"datePublished\":\"2021-11-09T15:51:14+00:00\",\"dateModified\":\"2024-11-12T15:06:59+00:00\",\"description\":\"AMEF Consulting, sp\u00e9cialiste en finance verte, aide les banques africaines \u00e0 relever les d\u00e9fis de la croissance durable et inclusive.\",\"breadcrumb\":{\"@id\":\"https:\/\/www.amef-consulting.com\/en\/expertise\/#breadcrumb\"},\"inLanguage\":\"en-US\",\"potentialAction\":[{\"@type\":\"ReadAction\",\"target\":[\"https:\/\/www.amef-consulting.com\/en\/expertise\/\"]}]},{\"@type\":\"BreadcrumbList\",\"@id\":\"https:\/\/www.amef-consulting.com\/en\/expertise\/#breadcrumb\",\"itemListElement\":[{\"@type\":\"ListItem\",\"position\":1,\"name\":\"Accueil\",\"item\":\"https:\/\/www.amef-consulting.com\/en\/\"},{\"@type\":\"ListItem\",\"position\":2,\"name\":\"Expertise\"}]},{\"@type\":\"WebSite\",\"@id\":\"https:\/\/www.amef-consulting.com\/#website\",\"url\":\"https:\/\/www.amef-consulting.com\/\",\"name\":\"AMEF Consulting\",\"description\":\"Conseil en strat\u00e9gie et management - Strategy and Management Advisory\",\"publisher\":{\"@id\":\"https:\/\/www.amef-consulting.com\/#organization\"},\"alternateName\":\"AMEF\",\"potentialAction\":[{\"@type\":\"SearchAction\",\"target\":{\"@type\":\"EntryPoint\",\"urlTemplate\":\"https:\/\/www.amef-consulting.com\/?s={search_term_string}\"},\"query-input\":\"required name=search_term_string\"}],\"inLanguage\":\"en-US\"},{\"@type\":\"Organization\",\"@id\":\"https:\/\/www.amef-consulting.com\/#organization\",\"name\":\"AMEF Consulting\",\"alternateName\":\"AMEF\",\"url\":\"https:\/\/www.amef-consulting.com\/\",\"logo\":{\"@type\":\"ImageObject\",\"inLanguage\":\"en-US\",\"@id\":\"https:\/\/www.amef-consulting.com\/#\/schema\/logo\/image\/\",\"url\":\"https:\/\/www.amef-consulting.com\/\/wp-content\/uploads\/2021\/04\/logo_fond-blanc.jpg.jpg\",\"contentUrl\":\"https:\/\/www.amef-consulting.com\/\/wp-content\/uploads\/2021\/04\/logo_fond-blanc.jpg.jpg\",\"width\":514,\"height\":304,\"caption\":\"AMEF Consulting\"},\"image\":{\"@id\":\"https:\/\/www.amef-consulting.com\/#\/schema\/logo\/image\/\"},\"sameAs\":[\"https:\/\/www.linkedin.com\/company\/amef-consulting\/\",\"https:\/\/www.youtube.com\/channel\/UCl0kR8Is0EBObFgCe-vRiCQ\"]}]}<\/script>\n<!-- \/ Yoast SEO Premium plugin. -->","yoast_head_json":{"title":"Expertise - AMEF Consulting","description":"AMEF Consulting, sp\u00e9cialiste en finance verte, aide les banques africaines \u00e0 relever les d\u00e9fis de la croissance durable et inclusive.","robots":{"index":"index","follow":"follow","max-snippet":"max-snippet:-1","max-image-preview":"max-image-preview:large","max-video-preview":"max-video-preview:-1"},"canonical":"https:\/\/www.amef-consulting.com\/en\/expertise\/","og_locale":"en_US","og_type":"article","og_title":"Expertise","og_description":"AMEF Consulting, sp\u00e9cialiste en finance verte, aide les banques africaines \u00e0 relever les d\u00e9fis de la croissance durable et inclusive.","og_url":"https:\/\/www.amef-consulting.com\/en\/expertise\/","og_site_name":"AMEF Consulting","article_modified_time":"2024-11-12T15:06:59+00:00","twitter_card":"summary_large_image","twitter_misc":{"Est. reading time":"1 minute"},"schema":{"@context":"https:\/\/schema.org","@graph":[{"@type":"WebPage","@id":"https:\/\/www.amef-consulting.com\/en\/expertise\/","url":"https:\/\/www.amef-consulting.com\/en\/expertise\/","name":"Expertise - AMEF Consulting","isPartOf":{"@id":"https:\/\/www.amef-consulting.com\/#website"},"datePublished":"2021-11-09T15:51:14+00:00","dateModified":"2024-11-12T15:06:59+00:00","description":"AMEF Consulting, sp\u00e9cialiste en finance verte, aide les banques africaines \u00e0 relever les d\u00e9fis de la croissance durable et inclusive.","breadcrumb":{"@id":"https:\/\/www.amef-consulting.com\/en\/expertise\/#breadcrumb"},"inLanguage":"en-US","potentialAction":[{"@type":"ReadAction","target":["https:\/\/www.amef-consulting.com\/en\/expertise\/"]}]},{"@type":"BreadcrumbList","@id":"https:\/\/www.amef-consulting.com\/en\/expertise\/#breadcrumb","itemListElement":[{"@type":"ListItem","position":1,"name":"Accueil","item":"https:\/\/www.amef-consulting.com\/en\/"},{"@type":"ListItem","position":2,"name":"Expertise"}]},{"@type":"WebSite","@id":"https:\/\/www.amef-consulting.com\/#website","url":"https:\/\/www.amef-consulting.com\/","name":"AMEF Consulting","description":"Conseil en strat\u00e9gie et management - Strategy and Management Advisory","publisher":{"@id":"https:\/\/www.amef-consulting.com\/#organization"},"alternateName":"AMEF","potentialAction":[{"@type":"SearchAction","target":{"@type":"EntryPoint","urlTemplate":"https:\/\/www.amef-consulting.com\/?s={search_term_string}"},"query-input":"required name=search_term_string"}],"inLanguage":"en-US"},{"@type":"Organization","@id":"https:\/\/www.amef-consulting.com\/#organization","name":"AMEF Consulting","alternateName":"AMEF","url":"https:\/\/www.amef-consulting.com\/","logo":{"@type":"ImageObject","inLanguage":"en-US","@id":"https:\/\/www.amef-consulting.com\/#\/schema\/logo\/image\/","url":"https:\/\/www.amef-consulting.com\/\/wp-content\/uploads\/2021\/04\/logo_fond-blanc.jpg.jpg","contentUrl":"https:\/\/www.amef-consulting.com\/\/wp-content\/uploads\/2021\/04\/logo_fond-blanc.jpg.jpg","width":514,"height":304,"caption":"AMEF Consulting"},"image":{"@id":"https:\/\/www.amef-consulting.com\/#\/schema\/logo\/image\/"},"sameAs":["https:\/\/www.linkedin.com\/company\/amef-consulting\/","https:\/\/www.youtube.com\/channel\/UCl0kR8Is0EBObFgCe-vRiCQ"]}]}},"_links":{"self":[{"href":"https:\/\/www.amef-consulting.com\/en\/wp-json\/wp\/v2\/pages\/17370"}],"collection":[{"href":"https:\/\/www.amef-consulting.com\/en\/wp-json\/wp\/v2\/pages"}],"about":[{"href":"https:\/\/www.amef-consulting.com\/en\/wp-json\/wp\/v2\/types\/page"}],"author":[{"embeddable":true,"href":"https:\/\/www.amef-consulting.com\/en\/wp-json\/wp\/v2\/users\/1"}],"replies":[{"embeddable":true,"href":"https:\/\/www.amef-consulting.com\/en\/wp-json\/wp\/v2\/comments?post=17370"}],"version-history":[{"count":0,"href":"https:\/\/www.amef-consulting.com\/en\/wp-json\/wp\/v2\/pages\/17370\/revisions"}],"wp:attachment":[{"href":"https:\/\/www.amef-consulting.com\/en\/wp-json\/wp\/v2\/media?parent=17370"}],"curies":[{"name":"wp","href":"https:\/\/api.w.org\/{rel}","templated":true}]}}