{"id":17387,"date":"2021-11-09T16:56:07","date_gmt":"2021-11-09T15:56:07","guid":{"rendered":"https:\/\/www.amef-consulting.com?page_id=17387"},"modified":"2024-11-12T16:20:17","modified_gmt":"2024-11-12T15:20:17","slug":"join-us","status":"publish","type":"page","link":"https:\/\/www.amef-consulting.com\/en\/join-us\/","title":{"rendered":"Join Us"},"content":{"rendered":"\t\t<div data-elementor-type=\"wp-page\" data-elementor-id=\"17387\" class=\"elementor elementor-17387 elementor-3246\">\n\t\t\t\t\t\t\t\t\t<section class=\"elementor-section elementor-top-section elementor-element elementor-element-7eeb3d0 elementor-section-stretched elementor-section-boxed elementor-section-height-default elementor-section-height-default\" data-id=\"7eeb3d0\" data-element_type=\"section\" data-settings=\"{&quot;stretch_section&quot;:&quot;section-stretched&quot;}\">\n\t\t\t\t\t\t<div class=\"elementor-container elementor-column-gap-no\">\n\t\t\t\t\t<div class=\"elementor-column elementor-col-66 elementor-top-column elementor-element elementor-element-8f2a2cd\" data-id=\"8f2a2cd\" data-element_type=\"column\">\n\t\t\t<div class=\"elementor-widget-wrap elementor-element-populated\">\n\t\t\t\t\t\t\t\t<section class=\"elementor-section elementor-inner-section elementor-element elementor-element-f1e9400 elementor-section-boxed elementor-section-height-default elementor-section-height-default\" data-id=\"f1e9400\" data-element_type=\"section\">\n\t\t\t\t\t\t<div class=\"elementor-container elementor-column-gap-no\">\n\t\t\t\t\t<div class=\"elementor-column elementor-col-100 elementor-inner-column elementor-element elementor-element-4a44105\" data-id=\"4a44105\" data-element_type=\"column\">\n\t\t\t<div class=\"elementor-widget-wrap elementor-element-populated\">\n\t\t\t\t\t\t\t\t<div class=\"elementor-element elementor-element-ec913ba gyan-title-st-line-after elementor-widget elementor-widget-gyan_title\" data-id=\"ec913ba\" data-element_type=\"widget\" data-widget_type=\"gyan_title.default\">\n\t\t\t\t<div class=\"elementor-widget-container\">\n\t\t\t\t\t<div class=\"gyan-title\">\r\n\t\t\t<div class=\"gyan-title-subtitle\"><span>Join Us<\/span><\/div><h2 class=\"gyan-title-heading\">Your collaboration and your skills interest us<\/h2>\t\t<\/div>\r\n\t\t\t\t<\/div>\n\t\t\t\t<\/div>\n\t\t\t\t<div class=\"elementor-element elementor-element-765e37a elementor-widget elementor-widget-text-editor\" data-id=\"765e37a\" data-element_type=\"widget\" data-widget_type=\"text-editor.default\">\n\t\t\t\t<div class=\"elementor-widget-container\">\n\t\t\t\t\t\t\t<p>Whether you are an <strong>independent Consultant<\/strong> (freelance), an <strong>Employee<\/strong> of a <strong>consulting firm<\/strong> or a <strong>financial institution<\/strong>, a <strong>recent graduate<\/strong> or <strong>Student<\/strong>, AMEF Consulting offers you real prospects for collaboration and professional development thanks to continuous growth of its activities, its regional positioning in Africa and the Middle East, and the quality of its international clients and partners, made up mainly of financial institutions and international development banks.<\/p><p>If you feel that you have a profile corresponding to our activities or meeting the requirements of one of the positions for which we are recruiting or think that you can bring <strong>added value<\/strong> to our customers and to the development of our activities, do not hesitate to apply for one of the proposed positions or to send us your <strong>spontaneous application<\/strong> for collaboration.<\/p><p>If you are a consulting and study firm and you have a collaboration or partnership offer to make to us, do not hesitate to contact us to talk about it.<\/p>\t\t\t\t\t\t<\/div>\n\t\t\t\t<\/div>\n\t\t\t\t\t<\/div>\n\t\t<\/div>\n\t\t\t\t\t\t\t<\/div>\n\t\t<\/section>\n\t\t\t\t\t<\/div>\n\t\t<\/div>\n\t\t\t\t<div class=\"elementor-column elementor-col-33 elementor-top-column elementor-element elementor-element-86f1eee\" data-id=\"86f1eee\" data-element_type=\"column\">\n\t\t\t<div class=\"elementor-widget-wrap elementor-element-populated\">\n\t\t\t\t\t\t\t\t<section class=\"elementor-section elementor-inner-section elementor-element elementor-element-969f07a elementor-section-boxed elementor-section-height-default elementor-section-height-default\" data-id=\"969f07a\" data-element_type=\"section\">\n\t\t\t\t\t\t<div class=\"elementor-container elementor-column-gap-no\">\n\t\t\t\t\t<div class=\"elementor-column elementor-col-100 elementor-inner-column elementor-element elementor-element-6bc0a2f\" data-id=\"6bc0a2f\" data-element_type=\"column\">\n\t\t\t<div class=\"elementor-widget-wrap elementor-element-populated\">\n\t\t\t\t\t\t\t\t<div class=\"elementor-element elementor-element-ab896ca gyan-menu-list-vertical elementor-widget elementor-widget-gyan_menu_list\" data-id=\"ab896ca\" data-element_type=\"widget\" data-widget_type=\"gyan_menu_list.default\">\n\t\t\t\t<div class=\"elementor-widget-container\">\n\t\t\t<div class=\"gyan-menu-list\"><div class=\"menu-joint-us-container\"><ul id=\"menu-joint-us\" class=\"gyan-menu-list-item gyan-ease-transition\"><li id=\"menu-item-18187\" class=\"menu-item menu-item-type-post_type menu-item-object-page menu-item-18187\"><a href=\"https:\/\/www.amef-consulting.com\/en\/join-us\/partnership\/\">Partnership<\/a><\/li>\n<li id=\"menu-item-18186\" class=\"menu-item menu-item-type-post_type menu-item-object-page menu-item-18186\"><a href=\"https:\/\/www.amef-consulting.com\/en\/join-us\/recruitment\/\">Recruitment<\/a><\/li>\n<li id=\"menu-item-18185\" class=\"menu-item menu-item-type-post_type menu-item-object-page menu-item-18185\"><a href=\"https:\/\/www.amef-consulting.com\/en\/join-us\/internship\/\">Internship<\/a><\/li>\n<\/ul><\/div><\/div>\t\t<\/div>\n\t\t\t\t<\/div>\n\t\t\t\t\t<\/div>\n\t\t<\/div>\n\t\t\t\t\t\t\t<\/div>\n\t\t<\/section>\n\t\t\t\t<section class=\"elementor-section elementor-inner-section elementor-element elementor-element-ae1746d elementor-section-boxed elementor-section-height-default elementor-section-height-default\" data-id=\"ae1746d\" data-element_type=\"section\">\n\t\t\t\t\t\t<div class=\"elementor-container elementor-column-gap-no\">\n\t\t\t\t\t<div class=\"elementor-column elementor-col-100 elementor-inner-column elementor-element elementor-element-c45a213\" data-id=\"c45a213\" data-element_type=\"column\" data-settings=\"{&quot;background_background&quot;:&quot;classic&quot;}\">\n\t\t\t<div class=\"elementor-widget-wrap elementor-element-populated\">\n\t\t\t\t\t\t\t\t<div class=\"elementor-element elementor-element-3e9500a gyan-infobox-align-left gyan-infobox-fullwidth-button-yes gyan-infobox-position-top gyan-infobox-center-no gyan-hover-animation-none gyan-animation-box-fade elementor-widget elementor-widget-gyan_info_box\" data-id=\"3e9500a\" data-element_type=\"widget\" data-widget_type=\"gyan_info_box.default\">\n\t\t\t\t<div class=\"elementor-widget-container\">\n\t\t\t\n\t\t<div class=\"gyan-info-box gyan-animation-box gyan-ease-transition\">\n\n\t\t\t\n\t\t\t\n\t\t\t\t<div class=\"gyan-infobox-icon-holder gyan-ease-transition\">\n\n\t\t\t\t\t\n\t\t\t\t\t\n\t\t\t\t\t\t\t\t\t\t\t<span class=\"gyan-infobox-icon gyan-icon gyan-ease-transition\"><\/span>\n\t\t\t\t\t\n\t\t\t\t\t\n\t\t\t\t\t\n\t\t\t\t<\/div>\n\n\t\t\t\n\t\t\t<div class=\"gyan-infobox-content-holder\">\n\n\t\t\t\t\n\t\t\t\t\t<h4 class=\"gyan-infobox-title gyan-ease-transition\">\n\t\t\t\t\t\t\t\t\t\t\t\tAbout us\t\t\t\t\t\t\t\t\t\t\t<\/h4>\n\n\t\t\t\t\n\t\t\t\t\n\t\t\t\t\n\t\t\t\t\t<div class=\"gyan-infobox-content gyan-ease-transition\">\n\t\t\t\t\t\tWe are a strategy and management consulting firm, specialized in the finance sector and focused on Africa and the Middle East.\t\t\t\t\t<\/div>\n\n\t\t\t\t\n\t\t\t\t\t\t\t\t\t\t<a href=\"\/wp-content\/uploads\/2021\/04\/plaquette-amef-consulting-fr-06-19.pdf\" class=\"gyan-infobox-link gyan-info-box-button gyan-ease-transition\" target=\"_blank\"><span>Our brochure<\/span><\/a>\n\n\t\t\t\t\n\t\t\t\t<div class=\"clear\"><\/div>\n\t\t\t<\/div>\n\t\t<\/div>\n\t\t\t<\/div>\n\t\t\t\t<\/div>\n\t\t\t\t\t<\/div>\n\t\t<\/div>\n\t\t\t\t\t\t\t<\/div>\n\t\t<\/section>\n\t\t\t\t\t<\/div>\n\t\t<\/div>\n\t\t\t\t\t\t\t<\/div>\n\t\t<\/section>\n\t\t\t\t\t\t\t<\/div>\n\t\t","protected":false},"excerpt":{"rendered":"<p>Join Us Your collaboration and your skills interest us Whether you are an independent Consultant (freelance), an Employee of a consulting firm or a financial institution, a recent graduate or Student, AMEF Consulting offers you real prospects for collaboration and professional development thanks to continuous growth of its activities, its [&hellip;]<\/p>\n","protected":false},"author":1,"featured_media":0,"parent":0,"menu_order":0,"comment_status":"closed","ping_status":"closed","template":"elementor_header_footer","meta":{"inline_featured_image":false,"footnotes":""},"yoast_head":"<!-- This site is optimized with the Yoast SEO Premium plugin v21.5 (Yoast SEO v21.5) - https:\/\/yoast.com\/wordpress\/plugins\/seo\/ -->\n<title>Join Us - AMEF Consulting<\/title>\n<meta name=\"description\" content=\"AMEF Consulting, expert en finance verte, aide les institutions financi\u00e8res en Afrique \u00e0 atteindre leurs objectifs de durabilit\u00e9.\" \/>\n<meta name=\"robots\" content=\"index, follow, max-snippet:-1, max-image-preview:large, max-video-preview:-1\" \/>\n<link rel=\"canonical\" href=\"https:\/\/www.amef-consulting.com\/en\/join-us\/\" \/>\n<meta property=\"og:locale\" content=\"en_US\" \/>\n<meta property=\"og:type\" content=\"article\" \/>\n<meta property=\"og:title\" content=\"Join Us\" \/>\n<meta property=\"og:description\" content=\"AMEF Consulting, expert en finance verte, aide les institutions financi\u00e8res en Afrique \u00e0 atteindre leurs objectifs de durabilit\u00e9.\" \/>\n<meta property=\"og:url\" content=\"https:\/\/www.amef-consulting.com\/en\/join-us\/\" \/>\n<meta property=\"og:site_name\" content=\"AMEF Consulting\" \/>\n<meta property=\"article:modified_time\" content=\"2024-11-12T15:20:17+00:00\" \/>\n<meta name=\"twitter:card\" content=\"summary_large_image\" \/>\n<meta name=\"twitter:label1\" content=\"Est. reading time\" \/>\n\t<meta name=\"twitter:data1\" content=\"2 minutes\" \/>\n<script type=\"application\/ld+json\" class=\"yoast-schema-graph\">{\"@context\":\"https:\/\/schema.org\",\"@graph\":[{\"@type\":\"WebPage\",\"@id\":\"https:\/\/www.amef-consulting.com\/en\/join-us\/\",\"url\":\"https:\/\/www.amef-consulting.com\/en\/join-us\/\",\"name\":\"Join Us - AMEF Consulting\",\"isPartOf\":{\"@id\":\"https:\/\/www.amef-consulting.com\/#website\"},\"datePublished\":\"2021-11-09T15:56:07+00:00\",\"dateModified\":\"2024-11-12T15:20:17+00:00\",\"description\":\"AMEF Consulting, expert en finance verte, aide les institutions financi\u00e8res en Afrique \u00e0 atteindre leurs objectifs de durabilit\u00e9.\",\"breadcrumb\":{\"@id\":\"https:\/\/www.amef-consulting.com\/en\/join-us\/#breadcrumb\"},\"inLanguage\":\"en-US\",\"potentialAction\":[{\"@type\":\"ReadAction\",\"target\":[\"https:\/\/www.amef-consulting.com\/en\/join-us\/\"]}]},{\"@type\":\"BreadcrumbList\",\"@id\":\"https:\/\/www.amef-consulting.com\/en\/join-us\/#breadcrumb\",\"itemListElement\":[{\"@type\":\"ListItem\",\"position\":1,\"name\":\"Accueil\",\"item\":\"https:\/\/www.amef-consulting.com\/en\/\"},{\"@type\":\"ListItem\",\"position\":2,\"name\":\"Join Us\"}]},{\"@type\":\"WebSite\",\"@id\":\"https:\/\/www.amef-consulting.com\/#website\",\"url\":\"https:\/\/www.amef-consulting.com\/\",\"name\":\"AMEF Consulting\",\"description\":\"Conseil en strat\u00e9gie et management - Strategy and Management Advisory\",\"publisher\":{\"@id\":\"https:\/\/www.amef-consulting.com\/#organization\"},\"alternateName\":\"AMEF\",\"potentialAction\":[{\"@type\":\"SearchAction\",\"target\":{\"@type\":\"EntryPoint\",\"urlTemplate\":\"https:\/\/www.amef-consulting.com\/?s={search_term_string}\"},\"query-input\":\"required name=search_term_string\"}],\"inLanguage\":\"en-US\"},{\"@type\":\"Organization\",\"@id\":\"https:\/\/www.amef-consulting.com\/#organization\",\"name\":\"AMEF Consulting\",\"alternateName\":\"AMEF\",\"url\":\"https:\/\/www.amef-consulting.com\/\",\"logo\":{\"@type\":\"ImageObject\",\"inLanguage\":\"en-US\",\"@id\":\"https:\/\/www.amef-consulting.com\/#\/schema\/logo\/image\/\",\"url\":\"https:\/\/www.amef-consulting.com\/\/wp-content\/uploads\/2021\/04\/logo_fond-blanc.jpg.jpg\",\"contentUrl\":\"https:\/\/www.amef-consulting.com\/\/wp-content\/uploads\/2021\/04\/logo_fond-blanc.jpg.jpg\",\"width\":514,\"height\":304,\"caption\":\"AMEF Consulting\"},\"image\":{\"@id\":\"https:\/\/www.amef-consulting.com\/#\/schema\/logo\/image\/\"},\"sameAs\":[\"https:\/\/www.linkedin.com\/company\/amef-consulting\/\",\"https:\/\/www.youtube.com\/channel\/UCl0kR8Is0EBObFgCe-vRiCQ\"]}]}<\/script>\n<!-- \/ Yoast SEO Premium plugin. -->","yoast_head_json":{"title":"Join Us - AMEF Consulting","description":"AMEF Consulting, expert en finance verte, aide les institutions financi\u00e8res en Afrique \u00e0 atteindre leurs objectifs de durabilit\u00e9.","robots":{"index":"index","follow":"follow","max-snippet":"max-snippet:-1","max-image-preview":"max-image-preview:large","max-video-preview":"max-video-preview:-1"},"canonical":"https:\/\/www.amef-consulting.com\/en\/join-us\/","og_locale":"en_US","og_type":"article","og_title":"Join Us","og_description":"AMEF Consulting, expert en finance verte, aide les institutions financi\u00e8res en Afrique \u00e0 atteindre leurs objectifs de durabilit\u00e9.","og_url":"https:\/\/www.amef-consulting.com\/en\/join-us\/","og_site_name":"AMEF Consulting","article_modified_time":"2024-11-12T15:20:17+00:00","twitter_card":"summary_large_image","twitter_misc":{"Est. reading time":"2 minutes"},"schema":{"@context":"https:\/\/schema.org","@graph":[{"@type":"WebPage","@id":"https:\/\/www.amef-consulting.com\/en\/join-us\/","url":"https:\/\/www.amef-consulting.com\/en\/join-us\/","name":"Join Us - AMEF Consulting","isPartOf":{"@id":"https:\/\/www.amef-consulting.com\/#website"},"datePublished":"2021-11-09T15:56:07+00:00","dateModified":"2024-11-12T15:20:17+00:00","description":"AMEF Consulting, expert en finance verte, aide les institutions financi\u00e8res en Afrique \u00e0 atteindre leurs objectifs de durabilit\u00e9.","breadcrumb":{"@id":"https:\/\/www.amef-consulting.com\/en\/join-us\/#breadcrumb"},"inLanguage":"en-US","potentialAction":[{"@type":"ReadAction","target":["https:\/\/www.amef-consulting.com\/en\/join-us\/"]}]},{"@type":"BreadcrumbList","@id":"https:\/\/www.amef-consulting.com\/en\/join-us\/#breadcrumb","itemListElement":[{"@type":"ListItem","position":1,"name":"Accueil","item":"https:\/\/www.amef-consulting.com\/en\/"},{"@type":"ListItem","position":2,"name":"Join Us"}]},{"@type":"WebSite","@id":"https:\/\/www.amef-consulting.com\/#website","url":"https:\/\/www.amef-consulting.com\/","name":"AMEF Consulting","description":"Conseil en strat\u00e9gie et management - Strategy and Management Advisory","publisher":{"@id":"https:\/\/www.amef-consulting.com\/#organization"},"alternateName":"AMEF","potentialAction":[{"@type":"SearchAction","target":{"@type":"EntryPoint","urlTemplate":"https:\/\/www.amef-consulting.com\/?s={search_term_string}"},"query-input":"required name=search_term_string"}],"inLanguage":"en-US"},{"@type":"Organization","@id":"https:\/\/www.amef-consulting.com\/#organization","name":"AMEF Consulting","alternateName":"AMEF","url":"https:\/\/www.amef-consulting.com\/","logo":{"@type":"ImageObject","inLanguage":"en-US","@id":"https:\/\/www.amef-consulting.com\/#\/schema\/logo\/image\/","url":"https:\/\/www.amef-consulting.com\/\/wp-content\/uploads\/2021\/04\/logo_fond-blanc.jpg.jpg","contentUrl":"https:\/\/www.amef-consulting.com\/\/wp-content\/uploads\/2021\/04\/logo_fond-blanc.jpg.jpg","width":514,"height":304,"caption":"AMEF Consulting"},"image":{"@id":"https:\/\/www.amef-consulting.com\/#\/schema\/logo\/image\/"},"sameAs":["https:\/\/www.linkedin.com\/company\/amef-consulting\/","https:\/\/www.youtube.com\/channel\/UCl0kR8Is0EBObFgCe-vRiCQ"]}]}},"_links":{"self":[{"href":"https:\/\/www.amef-consulting.com\/en\/wp-json\/wp\/v2\/pages\/17387"}],"collection":[{"href":"https:\/\/www.amef-consulting.com\/en\/wp-json\/wp\/v2\/pages"}],"about":[{"href":"https:\/\/www.amef-consulting.com\/en\/wp-json\/wp\/v2\/types\/page"}],"author":[{"embeddable":true,"href":"https:\/\/www.amef-consulting.com\/en\/wp-json\/wp\/v2\/users\/1"}],"replies":[{"embeddable":true,"href":"https:\/\/www.amef-consulting.com\/en\/wp-json\/wp\/v2\/comments?post=17387"}],"version-history":[{"count":0,"href":"https:\/\/www.amef-consulting.com\/en\/wp-json\/wp\/v2\/pages\/17387\/revisions"}],"wp:attachment":[{"href":"https:\/\/www.amef-consulting.com\/en\/wp-json\/wp\/v2\/media?parent=17387"}],"curies":[{"name":"wp","href":"https:\/\/api.w.org\/{rel}","templated":true}]}}