{"id":17478,"date":"2021-11-10T12:23:05","date_gmt":"2021-11-10T11:23:05","guid":{"rendered":"https:\/\/www.amef-consulting.com?page_id=17478"},"modified":"2024-11-13T09:24:49","modified_gmt":"2024-11-13T08:24:49","slug":"green-projects-financing","status":"publish","type":"page","link":"https:\/\/www.amef-consulting.com\/en\/services\/advisory\/green-projects-financing\/","title":{"rendered":"Green Projects Financing"},"content":{"rendered":"\t\t<div data-elementor-type=\"wp-page\" data-elementor-id=\"17478\" class=\"elementor elementor-17478 elementor-16801\">\n\t\t\t\t\t\t\t\t\t<section class=\"elementor-section elementor-top-section elementor-element elementor-element-50fd8c7 elementor-section-stretched elementor-section-boxed elementor-section-height-default elementor-section-height-default\" data-id=\"50fd8c7\" data-element_type=\"section\" data-settings=\"{&quot;stretch_section&quot;:&quot;section-stretched&quot;}\">\n\t\t\t\t\t\t<div class=\"elementor-container elementor-column-gap-no\">\n\t\t\t\t\t<div class=\"elementor-column elementor-col-66 elementor-top-column elementor-element elementor-element-046036d\" data-id=\"046036d\" data-element_type=\"column\">\n\t\t\t<div class=\"elementor-widget-wrap elementor-element-populated\">\n\t\t\t\t\t\t\t\t<section class=\"elementor-section elementor-inner-section elementor-element elementor-element-c483872 elementor-section-boxed elementor-section-height-default elementor-section-height-default\" data-id=\"c483872\" data-element_type=\"section\">\n\t\t\t\t\t\t<div class=\"elementor-container elementor-column-gap-no\">\n\t\t\t\t\t<div class=\"elementor-column elementor-col-100 elementor-inner-column elementor-element elementor-element-61c7ea9\" data-id=\"61c7ea9\" data-element_type=\"column\">\n\t\t\t<div class=\"elementor-widget-wrap elementor-element-populated\">\n\t\t\t\t\t\t\t\t<div class=\"elementor-element elementor-element-9765b20 gyan-title-st-line-after gyan-title-desc-left elementor-widget elementor-widget-gyan_title\" data-id=\"9765b20\" data-element_type=\"widget\" data-widget_type=\"gyan_title.default\">\n\t\t\t\t<div class=\"elementor-widget-container\">\n\t\t\t\t\t<div class=\"gyan-title\">\r\n\t\t\t<div class=\"gyan-title-subtitle\"><span>Consulting & Technical Assistance<\/span><\/div><h2 class=\"gyan-title-heading\">Green Projects Financing<\/h2><div class=\"gyan-title-desc\">\n<\/div>\t\t<\/div>\r\n\t\t\t\t<\/div>\n\t\t\t\t<\/div>\n\t\t\t\t<div class=\"elementor-element elementor-element-70d4746 elementor-widget elementor-widget-text-editor\" data-id=\"70d4746\" data-element_type=\"widget\" data-widget_type=\"text-editor.default\">\n\t\t\t\t<div class=\"elementor-widget-container\">\n\t\t\t\t\t\t\t<p>With the creation and spread of international Earth protection policies and programs, financing the <strong>green economy<\/strong> is a highly specific and growing activity. This field is governed by increasingly strong regulatory recommendations and requirements.<\/p><p>In this context, AMEF Consulting proposes to provide its clients with tailored, innovative, and high impact responses, to develop a financing activity for <strong>green projects<\/strong> that include financing <strong>energy <\/strong><strong>efficiency,<\/strong> <strong>renewable energy,<\/strong> and environmental<strong> protection programs.<\/strong><\/p><p>In its offer AMEF Consulting provides market study, the definition of the marketing concept to be implemented, the creation of appropriate products, the identification of potential projects, the analysis and management of related risks, the establishment of institutional and commercial partnerships and team training.<\/p>\t\t\t\t\t\t<\/div>\n\t\t\t\t<\/div>\n\t\t\t\t<div class=\"elementor-element elementor-element-aaed75c elementor-widget elementor-widget-heading\" data-id=\"aaed75c\" data-element_type=\"widget\" data-widget_type=\"heading.default\">\n\t\t\t\t<div class=\"elementor-widget-container\">\n\t\t\t<h3 class=\"elementor-heading-title elementor-size-default\">Example of carried-out missions<\/h3>\t\t<\/div>\n\t\t\t\t<\/div>\n\t\t\t\t<div class=\"elementor-element elementor-element-edd11b9 elementor-widget elementor-widget-text-editor\" data-id=\"edd11b9\" data-element_type=\"widget\" data-widget_type=\"text-editor.default\">\n\t\t\t\t<div class=\"elementor-widget-container\">\n\t\t\t\t\t\t\t<ul>\n <li><a href=\"\/portfolio-item\/assistance-technique-au-developpement-du-financement-des-projets-verts-sunref-tunisie\/\">D\u00e9veloppement des capacit\u00e9s de plusieurs banques en mati\u00e8re de financement de projets Verts (Tunisie) &#8211;\u00a0<\/a><\/li>\n \t<li><a href=\"\/portfolio-item\/projet-dacces-aux-services-electriques-solaires-au-niger-nesap\/\">D\u00e9veloppement des capacit\u00e9s d\u2019institutions de microfinance en mati\u00e8re de financement de kits solaires (Niger) &#8211;\u00a0<\/a><\/li>\n \t<li><a href=\"https:\/\/amefblog.wd.tn\/portfolio-item\/definition-et-implementation-dune-strategie-et-dun-concept-marketing-pour-le-developpement-dune-activite-de-leasing-efficacite-energetique-et-energies-renouvelables\/\">Appui d\u2019une soci\u00e9t\u00e9 de leasing dans la d\u00e9finition de son concept Marketing et de produits de financements de projets verts (Tunisie) &#8211;\u00a0<\/a><\/li>\n<\/ul>\t\t\t\t\t\t<\/div>\n\t\t\t\t<\/div>\n\t\t\t\t\t<\/div>\n\t\t<\/div>\n\t\t\t\t\t\t\t<\/div>\n\t\t<\/section>\n\t\t\t\t\t<\/div>\n\t\t<\/div>\n\t\t\t\t<div class=\"elementor-column elementor-col-33 elementor-top-column elementor-element elementor-element-8cd87e4\" data-id=\"8cd87e4\" data-element_type=\"column\">\n\t\t\t<div class=\"elementor-widget-wrap elementor-element-populated\">\n\t\t\t\t\t\t\t\t<section class=\"elementor-section elementor-inner-section elementor-element elementor-element-4586dd8 elementor-section-boxed elementor-section-height-default elementor-section-height-default\" data-id=\"4586dd8\" data-element_type=\"section\">\n\t\t\t\t\t\t<div class=\"elementor-container elementor-column-gap-no\">\n\t\t\t\t\t<div class=\"elementor-column elementor-col-100 elementor-inner-column elementor-element elementor-element-096c238\" data-id=\"096c238\" data-element_type=\"column\">\n\t\t\t<div class=\"elementor-widget-wrap elementor-element-populated\">\n\t\t\t\t\t\t\t\t<div class=\"elementor-element elementor-element-b5960df gyan-menu-list-vertical elementor-widget elementor-widget-gyan_menu_list\" data-id=\"b5960df\" data-element_type=\"widget\" data-widget_type=\"gyan_menu_list.default\">\n\t\t\t\t<div class=\"elementor-widget-container\">\n\t\t\t<div class=\"gyan-menu-list\"><div class=\"menu-our-services-container\"><ul id=\"menu-our-services\" class=\"gyan-menu-list-item gyan-ease-transition\"><li id=\"menu-item-19629\" class=\"menu-item menu-item-type-post_type menu-item-object-page menu-item-19629\"><a href=\"https:\/\/www.amef-consulting.com\/en\/services\/advisory\/strategy-and-organization\/\">Strategy and Organization<\/a><\/li>\n<li id=\"menu-item-19624\" class=\"menu-item menu-item-type-post_type menu-item-object-page menu-item-19624\"><a href=\"https:\/\/www.amef-consulting.com\/en\/services\/advisory\/digitization\/\">Digitization<\/a><\/li>\n<li id=\"menu-item-19628\" class=\"menu-item menu-item-type-post_type menu-item-object-page menu-item-19628\"><a href=\"https:\/\/www.amef-consulting.com\/en\/services\/advisory\/sme-finance\/\">SME Finance<\/a><\/li>\n<li id=\"menu-item-19625\" class=\"menu-item menu-item-type-post_type menu-item-object-page menu-item-19625\"><a href=\"https:\/\/www.amef-consulting.com\/en\/services\/advisory\/green-projects-financing\/\">Green Projects Financing<\/a><\/li>\n<li id=\"menu-item-19623\" class=\"menu-item menu-item-type-post_type menu-item-object-page menu-item-19623\"><a href=\"https:\/\/www.amef-consulting.com\/en\/services\/advisory\/agri-finance\/\">Agri-Finance<\/a><\/li>\n<li id=\"menu-item-19627\" class=\"menu-item menu-item-type-post_type menu-item-object-page menu-item-19627\"><a href=\"https:\/\/www.amef-consulting.com\/en\/services\/advisory\/risk-management\/\">Risk Management<\/a><\/li>\n<li id=\"menu-item-19626\" class=\"menu-item menu-item-type-post_type menu-item-object-page menu-item-19626\"><a href=\"https:\/\/www.amef-consulting.com\/en\/services\/advisory\/human-capital\/\">Human Capital<\/a><\/li>\n<li id=\"menu-item-19630\" class=\"menu-item menu-item-type-post_type menu-item-object-page menu-item-19630\"><a href=\"https:\/\/www.amef-consulting.com\/en\/services\/it-solutions-implementation\/\">IT Solutions Implementation<\/a><\/li>\n<li id=\"menu-item-19631\" class=\"menu-item menu-item-type-post_type menu-item-object-page menu-item-19631\"><a href=\"https:\/\/www.amef-consulting.com\/en\/services\/training-coaching\/\">Training &#038; Coaching<\/a><\/li>\n<\/ul><\/div><\/div>\t\t<\/div>\n\t\t\t\t<\/div>\n\t\t\t\t\t<\/div>\n\t\t<\/div>\n\t\t\t\t\t\t\t<\/div>\n\t\t<\/section>\n\t\t\t\t<section class=\"elementor-section elementor-inner-section elementor-element elementor-element-062f769 elementor-section-boxed elementor-section-height-default elementor-section-height-default\" data-id=\"062f769\" data-element_type=\"section\">\n\t\t\t\t\t\t<div class=\"elementor-container elementor-column-gap-default\">\n\t\t\t\t\t<div class=\"elementor-column elementor-col-100 elementor-inner-column elementor-element elementor-element-4fa4edb\" data-id=\"4fa4edb\" data-element_type=\"column\" data-settings=\"{&quot;background_background&quot;:&quot;classic&quot;}\">\n\t\t\t<div class=\"elementor-widget-wrap elementor-element-populated\">\n\t\t\t\t\t\t\t\t<div class=\"elementor-element elementor-element-8104d79 gyan-infobox-position-top gyan-infobox-center-no gyan-infobox-align-center gyan-hover-animation-none gyan-animation-box-fade elementor-widget elementor-widget-gyan_info_box\" data-id=\"8104d79\" data-element_type=\"widget\" data-widget_type=\"gyan_info_box.default\">\n\t\t\t\t<div class=\"elementor-widget-container\">\n\t\t\t\n\t\t<div class=\"gyan-info-box gyan-animation-box gyan-ease-transition\">\n\n\t\t\t\n\t\t\t\n\t\t\t\t<div class=\"gyan-infobox-icon-holder gyan-ease-transition\">\n\n\t\t\t\t\t\n\t\t\t\t\t\n\t\t\t\t\t\n\t\t\t\t\t\t\t\t\t\t\t<span class=\"gyan-infobox-image\">\n\t\t\t\t\t\t\t<img loading=\"lazy\" decoding=\"async\" width=\"53\" height=\"53\" src=\"https:\/\/www.amef-consulting.com\/\/wp-content\/uploads\/2020\/02\/icon-call.png\" class=\"attachment-full size-full wp-image-631\" alt=\"\" \/>\t\t\t\t\t\t<\/span>\n\t\t\t\t\t\n\t\t\t\t\t\n\t\t\t\t<\/div>\n\n\t\t\t\n\t\t\t<div class=\"gyan-infobox-content-holder\">\n\n\t\t\t\t\n\t\t\t\t\t<h4 class=\"gyan-infobox-title gyan-ease-transition\">\n\t\t\t\t\t\t\t\t\t\t\t\tFor any further information on our \"Strategy and Organization\" offer <br>or a specific offer proposal, call us on\t\t\t\t\t\t\t\t\t\t\t<\/h4>\n\n\t\t\t\t\n\t\t\t\t\n\t\t\t\t\n\t\t\t\t\t<h5 class=\"gyan-infobox-content gyan-ease-transition\">\n\t\t\t\t\t\t+216 71 793 160\t\t\t\t\t<\/h5>\n\n\t\t\t\t\n\t\t\t\t\n\t\t\t\t<div class=\"clear\"><\/div>\n\t\t\t<\/div>\n\t\t<\/div>\n\t\t\t<\/div>\n\t\t\t\t<\/div>\n\t\t\t\t<div class=\"elementor-element elementor-element-7777057 gyan-infobox-position-top gyan-infobox-center-no gyan-infobox-align-center gyan-hover-animation-none gyan-animation-box-fade elementor-widget elementor-widget-gyan_info_box\" data-id=\"7777057\" data-element_type=\"widget\" data-widget_type=\"gyan_info_box.default\">\n\t\t\t\t<div class=\"elementor-widget-container\">\n\t\t\t\n\t\t<div class=\"gyan-info-box gyan-animation-box gyan-ease-transition\">\n\n\t\t\t\n\t\t\t\n\t\t\t\t<div class=\"gyan-infobox-icon-holder gyan-ease-transition\">\n\n\t\t\t\t\t\n\t\t\t\t\t\t\t\t\t\t\t<a href=\"\/contact\/\" class=\"gyan-infobox-link\"><\/a>\n\t\t\t\t\t\n\t\t\t\t\t\n\t\t\t\t\t\t\t\t\t\t\t<span class=\"gyan-infobox-image\">\n\t\t\t\t\t\t\t\t\t\t\t\t\t<\/span>\n\t\t\t\t\t\n\t\t\t\t\t\n\t\t\t\t<\/div>\n\n\t\t\t\n\t\t\t<div class=\"gyan-infobox-content-holder\">\n\n\t\t\t\t\n\t\t\t\t\t<h4 class=\"gyan-infobox-title gyan-ease-transition\">\n\t\t\t\t\t\t\t\t\t\t\t\t\t<a href=\"\/contact\/\" class=\"gyan-infobox-link\">\n\t\t\t\t\t\t\t\t\t\t\t\tor send us a message via our website\t\t\t\t\t\t\t\t\t\t\t\t\t<\/a>\n\t\t\t\t\t\t\t\t\t\t\t<\/h4>\n\n\t\t\t\t\n\t\t\t\t\n\t\t\t\t\n\t\t\t\t\t<h5 class=\"gyan-infobox-content gyan-ease-transition\">\n\t\t\t\t\t\t<a href=\"\/contact\/\">Message<\/a>\t\t\t\t\t<\/h5>\n\n\t\t\t\t\n\t\t\t\t\n\t\t\t\t<div class=\"clear\"><\/div>\n\t\t\t<\/div>\n\t\t<\/div>\n\t\t\t<\/div>\n\t\t\t\t<\/div>\n\t\t\t\t\t<\/div>\n\t\t<\/div>\n\t\t\t\t\t\t\t<\/div>\n\t\t<\/section>\n\t\t\t\t\t<\/div>\n\t\t<\/div>\n\t\t\t\t\t\t\t<\/div>\n\t\t<\/section>\n\t\t\t\t\t\t\t<\/div>\n\t\t","protected":false},"excerpt":{"rendered":"<p>Consulting &#038; Technical Assistance Green Projects Financing With the creation and spread of international Earth protection policies and programs, financing the green economy is a highly specific and growing activity. This field is governed by increasingly strong regulatory recommendations and requirements. In this context, AMEF Consulting proposes to provide its [&hellip;]<\/p>\n","protected":false},"author":1,"featured_media":0,"parent":17379,"menu_order":0,"comment_status":"closed","ping_status":"closed","template":"elementor_header_footer","meta":{"inline_featured_image":false,"footnotes":""},"yoast_head":"<!-- This site is optimized with the Yoast SEO Premium plugin v21.5 (Yoast SEO v21.5) - https:\/\/yoast.com\/wordpress\/plugins\/seo\/ -->\n<title>Green Projects Financing - AMEF Consulting<\/title>\n<meta name=\"description\" content=\"AMEF Consulting soutient la finance \u00e9thique en Afrique, avec des solutions durables pour les institutions bancaires.\" \/>\n<meta name=\"robots\" content=\"index, follow, max-snippet:-1, max-image-preview:large, max-video-preview:-1\" \/>\n<link rel=\"canonical\" href=\"https:\/\/www.amef-consulting.com\/en\/services\/advisory\/green-projects-financing\/\" \/>\n<meta property=\"og:locale\" content=\"en_US\" \/>\n<meta property=\"og:type\" content=\"article\" \/>\n<meta property=\"og:title\" content=\"Green Projects Financing\" \/>\n<meta property=\"og:description\" content=\"AMEF Consulting soutient la finance \u00e9thique en Afrique, avec des solutions durables pour les institutions bancaires.\" \/>\n<meta property=\"og:url\" content=\"https:\/\/www.amef-consulting.com\/en\/services\/advisory\/green-projects-financing\/\" \/>\n<meta property=\"og:site_name\" content=\"AMEF Consulting\" \/>\n<meta property=\"article:modified_time\" content=\"2024-11-13T08:24:49+00:00\" \/>\n<meta property=\"og:image\" content=\"https:\/\/www.amef-consulting.com\/\/wp-content\/uploads\/2020\/02\/icon-call.png\" \/>\n<meta name=\"twitter:card\" content=\"summary_large_image\" \/>\n<meta name=\"twitter:label1\" content=\"Est. reading time\" \/>\n\t<meta name=\"twitter:data1\" content=\"2 minutes\" \/>\n<script type=\"application\/ld+json\" class=\"yoast-schema-graph\">{\"@context\":\"https:\/\/schema.org\",\"@graph\":[{\"@type\":\"WebPage\",\"@id\":\"https:\/\/www.amef-consulting.com\/en\/services\/advisory\/green-projects-financing\/\",\"url\":\"https:\/\/www.amef-consulting.com\/en\/services\/advisory\/green-projects-financing\/\",\"name\":\"Green Projects Financing - AMEF Consulting\",\"isPartOf\":{\"@id\":\"https:\/\/www.amef-consulting.com\/#website\"},\"datePublished\":\"2021-11-10T11:23:05+00:00\",\"dateModified\":\"2024-11-13T08:24:49+00:00\",\"description\":\"AMEF Consulting soutient la finance \u00e9thique en Afrique, avec des solutions durables pour les institutions bancaires.\",\"breadcrumb\":{\"@id\":\"https:\/\/www.amef-consulting.com\/en\/services\/advisory\/green-projects-financing\/#breadcrumb\"},\"inLanguage\":\"en-US\",\"potentialAction\":[{\"@type\":\"ReadAction\",\"target\":[\"https:\/\/www.amef-consulting.com\/en\/services\/advisory\/green-projects-financing\/\"]}]},{\"@type\":\"BreadcrumbList\",\"@id\":\"https:\/\/www.amef-consulting.com\/en\/services\/advisory\/green-projects-financing\/#breadcrumb\",\"itemListElement\":[{\"@type\":\"ListItem\",\"position\":1,\"name\":\"Accueil\",\"item\":\"https:\/\/www.amef-consulting.com\/en\/\"},{\"@type\":\"ListItem\",\"position\":2,\"name\":\"Services\",\"item\":\"https:\/\/www.amef-consulting.com\/en\/services\/\"},{\"@type\":\"ListItem\",\"position\":3,\"name\":\"Advisory\",\"item\":\"https:\/\/www.amef-consulting.com\/en\/services\/advisory\/\"},{\"@type\":\"ListItem\",\"position\":4,\"name\":\"Green Projects Financing\"}]},{\"@type\":\"WebSite\",\"@id\":\"https:\/\/www.amef-consulting.com\/#website\",\"url\":\"https:\/\/www.amef-consulting.com\/\",\"name\":\"AMEF Consulting\",\"description\":\"Conseil en strat\u00e9gie et management - Strategy and Management Advisory\",\"publisher\":{\"@id\":\"https:\/\/www.amef-consulting.com\/#organization\"},\"alternateName\":\"AMEF\",\"potentialAction\":[{\"@type\":\"SearchAction\",\"target\":{\"@type\":\"EntryPoint\",\"urlTemplate\":\"https:\/\/www.amef-consulting.com\/?s={search_term_string}\"},\"query-input\":\"required name=search_term_string\"}],\"inLanguage\":\"en-US\"},{\"@type\":\"Organization\",\"@id\":\"https:\/\/www.amef-consulting.com\/#organization\",\"name\":\"AMEF Consulting\",\"alternateName\":\"AMEF\",\"url\":\"https:\/\/www.amef-consulting.com\/\",\"logo\":{\"@type\":\"ImageObject\",\"inLanguage\":\"en-US\",\"@id\":\"https:\/\/www.amef-consulting.com\/#\/schema\/logo\/image\/\",\"url\":\"https:\/\/www.amef-consulting.com\/\/wp-content\/uploads\/2021\/04\/logo_fond-blanc.jpg.jpg\",\"contentUrl\":\"https:\/\/www.amef-consulting.com\/\/wp-content\/uploads\/2021\/04\/logo_fond-blanc.jpg.jpg\",\"width\":514,\"height\":304,\"caption\":\"AMEF Consulting\"},\"image\":{\"@id\":\"https:\/\/www.amef-consulting.com\/#\/schema\/logo\/image\/\"},\"sameAs\":[\"https:\/\/www.linkedin.com\/company\/amef-consulting\/\",\"https:\/\/www.youtube.com\/channel\/UCl0kR8Is0EBObFgCe-vRiCQ\"]}]}<\/script>\n<!-- \/ Yoast SEO Premium plugin. -->","yoast_head_json":{"title":"Green Projects Financing - AMEF Consulting","description":"AMEF Consulting soutient la finance \u00e9thique en Afrique, avec des solutions durables pour les institutions bancaires.","robots":{"index":"index","follow":"follow","max-snippet":"max-snippet:-1","max-image-preview":"max-image-preview:large","max-video-preview":"max-video-preview:-1"},"canonical":"https:\/\/www.amef-consulting.com\/en\/services\/advisory\/green-projects-financing\/","og_locale":"en_US","og_type":"article","og_title":"Green Projects Financing","og_description":"AMEF Consulting soutient la finance \u00e9thique en Afrique, avec des solutions durables pour les institutions bancaires.","og_url":"https:\/\/www.amef-consulting.com\/en\/services\/advisory\/green-projects-financing\/","og_site_name":"AMEF Consulting","article_modified_time":"2024-11-13T08:24:49+00:00","og_image":[{"url":"https:\/\/www.amef-consulting.com\/\/wp-content\/uploads\/2020\/02\/icon-call.png"}],"twitter_card":"summary_large_image","twitter_misc":{"Est. reading time":"2 minutes"},"schema":{"@context":"https:\/\/schema.org","@graph":[{"@type":"WebPage","@id":"https:\/\/www.amef-consulting.com\/en\/services\/advisory\/green-projects-financing\/","url":"https:\/\/www.amef-consulting.com\/en\/services\/advisory\/green-projects-financing\/","name":"Green Projects Financing - AMEF Consulting","isPartOf":{"@id":"https:\/\/www.amef-consulting.com\/#website"},"datePublished":"2021-11-10T11:23:05+00:00","dateModified":"2024-11-13T08:24:49+00:00","description":"AMEF Consulting soutient la finance \u00e9thique en Afrique, avec des solutions durables pour les institutions bancaires.","breadcrumb":{"@id":"https:\/\/www.amef-consulting.com\/en\/services\/advisory\/green-projects-financing\/#breadcrumb"},"inLanguage":"en-US","potentialAction":[{"@type":"ReadAction","target":["https:\/\/www.amef-consulting.com\/en\/services\/advisory\/green-projects-financing\/"]}]},{"@type":"BreadcrumbList","@id":"https:\/\/www.amef-consulting.com\/en\/services\/advisory\/green-projects-financing\/#breadcrumb","itemListElement":[{"@type":"ListItem","position":1,"name":"Accueil","item":"https:\/\/www.amef-consulting.com\/en\/"},{"@type":"ListItem","position":2,"name":"Services","item":"https:\/\/www.amef-consulting.com\/en\/services\/"},{"@type":"ListItem","position":3,"name":"Advisory","item":"https:\/\/www.amef-consulting.com\/en\/services\/advisory\/"},{"@type":"ListItem","position":4,"name":"Green Projects Financing"}]},{"@type":"WebSite","@id":"https:\/\/www.amef-consulting.com\/#website","url":"https:\/\/www.amef-consulting.com\/","name":"AMEF Consulting","description":"Conseil en strat\u00e9gie et management - Strategy and Management Advisory","publisher":{"@id":"https:\/\/www.amef-consulting.com\/#organization"},"alternateName":"AMEF","potentialAction":[{"@type":"SearchAction","target":{"@type":"EntryPoint","urlTemplate":"https:\/\/www.amef-consulting.com\/?s={search_term_string}"},"query-input":"required name=search_term_string"}],"inLanguage":"en-US"},{"@type":"Organization","@id":"https:\/\/www.amef-consulting.com\/#organization","name":"AMEF Consulting","alternateName":"AMEF","url":"https:\/\/www.amef-consulting.com\/","logo":{"@type":"ImageObject","inLanguage":"en-US","@id":"https:\/\/www.amef-consulting.com\/#\/schema\/logo\/image\/","url":"https:\/\/www.amef-consulting.com\/\/wp-content\/uploads\/2021\/04\/logo_fond-blanc.jpg.jpg","contentUrl":"https:\/\/www.amef-consulting.com\/\/wp-content\/uploads\/2021\/04\/logo_fond-blanc.jpg.jpg","width":514,"height":304,"caption":"AMEF Consulting"},"image":{"@id":"https:\/\/www.amef-consulting.com\/#\/schema\/logo\/image\/"},"sameAs":["https:\/\/www.linkedin.com\/company\/amef-consulting\/","https:\/\/www.youtube.com\/channel\/UCl0kR8Is0EBObFgCe-vRiCQ"]}]}},"_links":{"self":[{"href":"https:\/\/www.amef-consulting.com\/en\/wp-json\/wp\/v2\/pages\/17478"}],"collection":[{"href":"https:\/\/www.amef-consulting.com\/en\/wp-json\/wp\/v2\/pages"}],"about":[{"href":"https:\/\/www.amef-consulting.com\/en\/wp-json\/wp\/v2\/types\/page"}],"author":[{"embeddable":true,"href":"https:\/\/www.amef-consulting.com\/en\/wp-json\/wp\/v2\/users\/1"}],"replies":[{"embeddable":true,"href":"https:\/\/www.amef-consulting.com\/en\/wp-json\/wp\/v2\/comments?post=17478"}],"version-history":[{"count":0,"href":"https:\/\/www.amef-consulting.com\/en\/wp-json\/wp\/v2\/pages\/17478\/revisions"}],"up":[{"embeddable":true,"href":"https:\/\/www.amef-consulting.com\/en\/wp-json\/wp\/v2\/pages\/17379"}],"wp:attachment":[{"href":"https:\/\/www.amef-consulting.com\/en\/wp-json\/wp\/v2\/media?parent=17478"}],"curies":[{"name":"wp","href":"https:\/\/api.w.org\/{rel}","templated":true}]}}