{"id":17479,"date":"2021-11-10T12:23:29","date_gmt":"2021-11-10T11:23:29","guid":{"rendered":"https:\/\/www.amef-consulting.com?page_id=17479"},"modified":"2024-11-13T09:23:44","modified_gmt":"2024-11-13T08:23:44","slug":"risk-management","status":"publish","type":"page","link":"https:\/\/www.amef-consulting.com\/en\/services\/advisory\/risk-management\/","title":{"rendered":"Risk Management"},"content":{"rendered":"\t\t<div data-elementor-type=\"wp-page\" data-elementor-id=\"17479\" class=\"elementor elementor-17479 elementor-16811\">\n\t\t\t\t\t\t\t\t\t<section class=\"elementor-section elementor-top-section elementor-element elementor-element-50fd8c7 elementor-section-stretched elementor-section-boxed elementor-section-height-default elementor-section-height-default\" data-id=\"50fd8c7\" data-element_type=\"section\" data-settings=\"{&quot;stretch_section&quot;:&quot;section-stretched&quot;}\">\n\t\t\t\t\t\t<div class=\"elementor-container elementor-column-gap-no\">\n\t\t\t\t\t<div class=\"elementor-column elementor-col-66 elementor-top-column elementor-element elementor-element-046036d\" data-id=\"046036d\" data-element_type=\"column\">\n\t\t\t<div class=\"elementor-widget-wrap elementor-element-populated\">\n\t\t\t\t\t\t\t\t<section class=\"elementor-section elementor-inner-section elementor-element elementor-element-c483872 elementor-section-boxed elementor-section-height-default elementor-section-height-default\" data-id=\"c483872\" data-element_type=\"section\">\n\t\t\t\t\t\t<div class=\"elementor-container elementor-column-gap-no\">\n\t\t\t\t\t<div class=\"elementor-column elementor-col-100 elementor-inner-column elementor-element elementor-element-61c7ea9\" data-id=\"61c7ea9\" data-element_type=\"column\">\n\t\t\t<div class=\"elementor-widget-wrap elementor-element-populated\">\n\t\t\t\t\t\t\t\t<div class=\"elementor-element elementor-element-9765b20 gyan-title-st-line-after gyan-title-desc-left elementor-widget elementor-widget-gyan_title\" data-id=\"9765b20\" data-element_type=\"widget\" data-widget_type=\"gyan_title.default\">\n\t\t\t\t<div class=\"elementor-widget-container\">\n\t\t\t\t\t<div class=\"gyan-title\">\r\n\t\t\t<div class=\"gyan-title-subtitle\"><span>Consulting & Technical Assistance<\/span><\/div><h2 class=\"gyan-title-heading\">Risk Management and Compliance <\/h2><div class=\"gyan-title-desc\">\n<\/div>\t\t<\/div>\r\n\t\t\t\t<\/div>\n\t\t\t\t<\/div>\n\t\t\t\t<div class=\"elementor-element elementor-element-70d4746 elementor-widget elementor-widget-text-editor\" data-id=\"70d4746\" data-element_type=\"widget\" data-widget_type=\"text-editor.default\">\n\t\t\t\t<div class=\"elementor-widget-container\">\n\t\t\t\t\t\t\tAMEF Consulting\u2019s offer in this area is adapted to your support needs to strengthen your <strong>risk management framework<\/strong> and comply with regulatory requirements.\n\nIn this regard, AMEF Consulting offers to accompany you on several projects depending on your needs:\n<ul>\n <li>Definition and implementation of a comprehensive and effective <strong>risk governance framework<\/strong><\/li>\n \t<li>Development of different risk management and monitoring policies<\/li>\n \t<li>Elaboration of <strong>Risk Mapping<\/strong><\/li>\n \t<li>Design and implementation of <strong>internal rating<\/strong> and <strong>credit-scoring<\/strong><\/li>\n \t<li>Set- up an Asset-Liability Management Committee (ALCO) and its working tools<\/li>\n \t<li>Development a <strong>business continuity<\/strong> and <strong>crisis management plan<\/strong><\/li>\n \t<li>Strengthen an anti-money laundering and terrorist financing scheme in accordance with local and international regulations<\/li>\n \t<li>Definition and implementation an <strong>Environmental<\/strong> and <strong>Social Management System<\/strong><\/li>\n<\/ul>\t\t\t\t\t\t<\/div>\n\t\t\t\t<\/div>\n\t\t\t\t<div class=\"elementor-element elementor-element-aaed75c elementor-widget elementor-widget-heading\" data-id=\"aaed75c\" data-element_type=\"widget\" data-widget_type=\"heading.default\">\n\t\t\t\t<div class=\"elementor-widget-container\">\n\t\t\t<h3 class=\"elementor-heading-title elementor-size-default\">Example of carried-out missions<\/h3>\t\t<\/div>\n\t\t\t\t<\/div>\n\t\t\t\t<div class=\"elementor-element elementor-element-edd11b9 elementor-widget elementor-widget-text-editor\" data-id=\"edd11b9\" data-element_type=\"widget\" data-widget_type=\"text-editor.default\">\n\t\t\t\t<div class=\"elementor-widget-container\">\n\t\t\t\t\t\t\t<ul>\n <li><a href=\"\/portfolio-item\/renforcement-de-lanalyse-des-risques-de-credit-aux-tpme\/\">Renforcement des capacit\u00e9s techniques d\u2019une soci\u00e9t\u00e9 de leasing en mati\u00e8re d\u2019analyse des risques de cr\u00e9dits et de mise en place d\u2019un outil de cr\u00e9dit-Scoring (Tunisie) &#8211;<\/a><\/li>\n \t<li><a href=\"\/portfolio-item\/financement-des-tres-petites-petites-et-moyennes-entreprises-ii\/\">Appui \u00e0 l\u2019\u00e9laboration et la mise en \u0153uvre d\u2019un Syst\u00e8me de Gestion Environnementale et Sociales pour des Banques et soci\u00e9t\u00e9s de Leasing (Tunisie) &#8211;<\/a><\/li>\n \t<li>Appui au renforcement du dispositif de gestion des risques d\u2019une banque (Burkina Faso).<\/li>\n<\/ul>\t\t\t\t\t\t<\/div>\n\t\t\t\t<\/div>\n\t\t\t\t\t<\/div>\n\t\t<\/div>\n\t\t\t\t\t\t\t<\/div>\n\t\t<\/section>\n\t\t\t\t\t<\/div>\n\t\t<\/div>\n\t\t\t\t<div class=\"elementor-column elementor-col-33 elementor-top-column elementor-element elementor-element-8cd87e4\" data-id=\"8cd87e4\" data-element_type=\"column\">\n\t\t\t<div class=\"elementor-widget-wrap elementor-element-populated\">\n\t\t\t\t\t\t\t\t<section class=\"elementor-section elementor-inner-section elementor-element elementor-element-4586dd8 elementor-section-boxed elementor-section-height-default elementor-section-height-default\" data-id=\"4586dd8\" data-element_type=\"section\">\n\t\t\t\t\t\t<div class=\"elementor-container elementor-column-gap-no\">\n\t\t\t\t\t<div class=\"elementor-column elementor-col-100 elementor-inner-column elementor-element elementor-element-096c238\" data-id=\"096c238\" data-element_type=\"column\">\n\t\t\t<div class=\"elementor-widget-wrap elementor-element-populated\">\n\t\t\t\t\t\t\t\t<div class=\"elementor-element elementor-element-b5960df gyan-menu-list-vertical elementor-widget elementor-widget-gyan_menu_list\" data-id=\"b5960df\" data-element_type=\"widget\" data-widget_type=\"gyan_menu_list.default\">\n\t\t\t\t<div class=\"elementor-widget-container\">\n\t\t\t<div class=\"gyan-menu-list\"><div class=\"menu-our-services-container\"><ul id=\"menu-our-services\" class=\"gyan-menu-list-item gyan-ease-transition\"><li id=\"menu-item-19629\" class=\"menu-item menu-item-type-post_type menu-item-object-page menu-item-19629\"><a href=\"https:\/\/www.amef-consulting.com\/en\/services\/advisory\/strategy-and-organization\/\">Strategy and Organization<\/a><\/li>\n<li id=\"menu-item-19624\" class=\"menu-item menu-item-type-post_type menu-item-object-page menu-item-19624\"><a href=\"https:\/\/www.amef-consulting.com\/en\/services\/advisory\/digitization\/\">Digitization<\/a><\/li>\n<li id=\"menu-item-19628\" class=\"menu-item menu-item-type-post_type menu-item-object-page menu-item-19628\"><a href=\"https:\/\/www.amef-consulting.com\/en\/services\/advisory\/sme-finance\/\">SME Finance<\/a><\/li>\n<li id=\"menu-item-19625\" class=\"menu-item menu-item-type-post_type menu-item-object-page menu-item-19625\"><a href=\"https:\/\/www.amef-consulting.com\/en\/services\/advisory\/green-projects-financing\/\">Green Projects Financing<\/a><\/li>\n<li id=\"menu-item-19623\" class=\"menu-item menu-item-type-post_type menu-item-object-page menu-item-19623\"><a href=\"https:\/\/www.amef-consulting.com\/en\/services\/advisory\/agri-finance\/\">Agri-Finance<\/a><\/li>\n<li id=\"menu-item-19627\" class=\"menu-item menu-item-type-post_type menu-item-object-page menu-item-19627\"><a href=\"https:\/\/www.amef-consulting.com\/en\/services\/advisory\/risk-management\/\">Risk Management<\/a><\/li>\n<li id=\"menu-item-19626\" class=\"menu-item menu-item-type-post_type menu-item-object-page menu-item-19626\"><a href=\"https:\/\/www.amef-consulting.com\/en\/services\/advisory\/human-capital\/\">Human Capital<\/a><\/li>\n<li id=\"menu-item-19630\" class=\"menu-item menu-item-type-post_type menu-item-object-page menu-item-19630\"><a href=\"https:\/\/www.amef-consulting.com\/en\/services\/it-solutions-implementation\/\">IT Solutions Implementation<\/a><\/li>\n<li id=\"menu-item-19631\" class=\"menu-item menu-item-type-post_type menu-item-object-page menu-item-19631\"><a href=\"https:\/\/www.amef-consulting.com\/en\/services\/training-coaching\/\">Training &#038; Coaching<\/a><\/li>\n<\/ul><\/div><\/div>\t\t<\/div>\n\t\t\t\t<\/div>\n\t\t\t\t\t<\/div>\n\t\t<\/div>\n\t\t\t\t\t\t\t<\/div>\n\t\t<\/section>\n\t\t\t\t<section class=\"elementor-section elementor-inner-section elementor-element elementor-element-cb5a70c elementor-section-boxed elementor-section-height-default elementor-section-height-default\" data-id=\"cb5a70c\" data-element_type=\"section\">\n\t\t\t\t\t\t<div class=\"elementor-container elementor-column-gap-default\">\n\t\t\t\t\t<div class=\"elementor-column elementor-col-100 elementor-inner-column elementor-element elementor-element-7b24ac8\" data-id=\"7b24ac8\" data-element_type=\"column\" data-settings=\"{&quot;background_background&quot;:&quot;classic&quot;}\">\n\t\t\t<div class=\"elementor-widget-wrap elementor-element-populated\">\n\t\t\t\t\t\t\t\t<div class=\"elementor-element elementor-element-9c9de45 gyan-infobox-position-top gyan-infobox-center-no gyan-infobox-align-center gyan-hover-animation-none gyan-animation-box-fade elementor-widget elementor-widget-gyan_info_box\" data-id=\"9c9de45\" data-element_type=\"widget\" data-widget_type=\"gyan_info_box.default\">\n\t\t\t\t<div class=\"elementor-widget-container\">\n\t\t\t\n\t\t<div class=\"gyan-info-box gyan-animation-box gyan-ease-transition\">\n\n\t\t\t\n\t\t\t\n\t\t\t\t<div class=\"gyan-infobox-icon-holder gyan-ease-transition\">\n\n\t\t\t\t\t\n\t\t\t\t\t\n\t\t\t\t\t\n\t\t\t\t\t\t\t\t\t\t\t<span class=\"gyan-infobox-image\">\n\t\t\t\t\t\t\t<img loading=\"lazy\" decoding=\"async\" width=\"53\" height=\"53\" src=\"https:\/\/www.amef-consulting.com\/\/wp-content\/uploads\/2020\/02\/icon-call.png\" class=\"attachment-full size-full wp-image-631\" alt=\"\" \/>\t\t\t\t\t\t<\/span>\n\t\t\t\t\t\n\t\t\t\t\t\n\t\t\t\t<\/div>\n\n\t\t\t\n\t\t\t<div class=\"gyan-infobox-content-holder\">\n\n\t\t\t\t\n\t\t\t\t\t<h4 class=\"gyan-infobox-title gyan-ease-transition\">\n\t\t\t\t\t\t\t\t\t\t\t\tFor any further information on our \"Strategy and Organization\" offer <br>or a specific offer proposal, call us on\t\t\t\t\t\t\t\t\t\t\t<\/h4>\n\n\t\t\t\t\n\t\t\t\t\n\t\t\t\t\n\t\t\t\t\t<h5 class=\"gyan-infobox-content gyan-ease-transition\">\n\t\t\t\t\t\t+216 71 793 160\t\t\t\t\t<\/h5>\n\n\t\t\t\t\n\t\t\t\t\n\t\t\t\t<div class=\"clear\"><\/div>\n\t\t\t<\/div>\n\t\t<\/div>\n\t\t\t<\/div>\n\t\t\t\t<\/div>\n\t\t\t\t<div class=\"elementor-element elementor-element-04680bc gyan-infobox-position-top gyan-infobox-center-no gyan-infobox-align-center gyan-hover-animation-none gyan-animation-box-fade elementor-widget elementor-widget-gyan_info_box\" data-id=\"04680bc\" data-element_type=\"widget\" data-widget_type=\"gyan_info_box.default\">\n\t\t\t\t<div class=\"elementor-widget-container\">\n\t\t\t\n\t\t<div class=\"gyan-info-box gyan-animation-box gyan-ease-transition\">\n\n\t\t\t\n\t\t\t\n\t\t\t\t<div class=\"gyan-infobox-icon-holder gyan-ease-transition\">\n\n\t\t\t\t\t\n\t\t\t\t\t\t\t\t\t\t\t<a href=\"\/contact\/\" class=\"gyan-infobox-link\"><\/a>\n\t\t\t\t\t\n\t\t\t\t\t\n\t\t\t\t\t\t\t\t\t\t\t<span class=\"gyan-infobox-image\">\n\t\t\t\t\t\t\t\t\t\t\t\t\t<\/span>\n\t\t\t\t\t\n\t\t\t\t\t\n\t\t\t\t<\/div>\n\n\t\t\t\n\t\t\t<div class=\"gyan-infobox-content-holder\">\n\n\t\t\t\t\n\t\t\t\t\t<h4 class=\"gyan-infobox-title gyan-ease-transition\">\n\t\t\t\t\t\t\t\t\t\t\t\t\t<a href=\"\/contact\/\" class=\"gyan-infobox-link\">\n\t\t\t\t\t\t\t\t\t\t\t\tor send us a message via our website\t\t\t\t\t\t\t\t\t\t\t\t\t<\/a>\n\t\t\t\t\t\t\t\t\t\t\t<\/h4>\n\n\t\t\t\t\n\t\t\t\t\n\t\t\t\t\n\t\t\t\t\t<h5 class=\"gyan-infobox-content gyan-ease-transition\">\n\t\t\t\t\t\t<a href=\"\/contact\/\">Message<\/a>\t\t\t\t\t<\/h5>\n\n\t\t\t\t\n\t\t\t\t\n\t\t\t\t<div class=\"clear\"><\/div>\n\t\t\t<\/div>\n\t\t<\/div>\n\t\t\t<\/div>\n\t\t\t\t<\/div>\n\t\t\t\t\t<\/div>\n\t\t<\/div>\n\t\t\t\t\t\t\t<\/div>\n\t\t<\/section>\n\t\t\t\t\t<\/div>\n\t\t<\/div>\n\t\t\t\t\t\t\t<\/div>\n\t\t<\/section>\n\t\t\t\t\t\t\t<\/div>\n\t\t","protected":false},"excerpt":{"rendered":"<p>Consulting &#038; Technical Assistance Risk Management and Compliance AMEF Consulting\u2019s offer in this area is adapted to your support needs to strengthen your risk management framework and comply with regulatory requirements. In this regard, AMEF Consulting offers to accompany you on several projects depending on your needs: Definition and implementation [&hellip;]<\/p>\n","protected":false},"author":1,"featured_media":0,"parent":17379,"menu_order":0,"comment_status":"closed","ping_status":"closed","template":"elementor_header_footer","meta":{"inline_featured_image":false,"footnotes":""},"yoast_head":"<!-- This site is optimized with the Yoast SEO Premium plugin v21.5 (Yoast SEO v21.5) - https:\/\/yoast.com\/wordpress\/plugins\/seo\/ -->\n<title>Risk Management - AMEF Consulting<\/title>\n<meta name=\"description\" content=\"AMEF Consulting propose des strat\u00e9gies en finance \u00e9thique pour accompagner les banques africaines vers la durabilit\u00e9.\" \/>\n<meta name=\"robots\" content=\"index, follow, max-snippet:-1, max-image-preview:large, max-video-preview:-1\" \/>\n<link rel=\"canonical\" href=\"https:\/\/www.amef-consulting.com\/en\/services\/advisory\/risk-management\/\" \/>\n<meta property=\"og:locale\" content=\"en_US\" \/>\n<meta property=\"og:type\" content=\"article\" \/>\n<meta property=\"og:title\" content=\"Risk Management\" \/>\n<meta property=\"og:description\" content=\"AMEF Consulting propose des strat\u00e9gies en finance \u00e9thique pour accompagner les banques africaines vers la durabilit\u00e9.\" \/>\n<meta property=\"og:url\" content=\"https:\/\/www.amef-consulting.com\/en\/services\/advisory\/risk-management\/\" \/>\n<meta property=\"og:site_name\" content=\"AMEF Consulting\" \/>\n<meta property=\"article:modified_time\" content=\"2024-11-13T08:23:44+00:00\" \/>\n<meta property=\"og:image\" content=\"https:\/\/www.amef-consulting.com\/\/wp-content\/uploads\/2020\/02\/icon-call.png\" \/>\n<meta name=\"twitter:card\" content=\"summary_large_image\" \/>\n<meta name=\"twitter:label1\" content=\"Est. reading time\" \/>\n\t<meta name=\"twitter:data1\" content=\"2 minutes\" \/>\n<script type=\"application\/ld+json\" class=\"yoast-schema-graph\">{\"@context\":\"https:\/\/schema.org\",\"@graph\":[{\"@type\":\"WebPage\",\"@id\":\"https:\/\/www.amef-consulting.com\/en\/services\/advisory\/risk-management\/\",\"url\":\"https:\/\/www.amef-consulting.com\/en\/services\/advisory\/risk-management\/\",\"name\":\"Risk Management - AMEF Consulting\",\"isPartOf\":{\"@id\":\"https:\/\/www.amef-consulting.com\/#website\"},\"datePublished\":\"2021-11-10T11:23:29+00:00\",\"dateModified\":\"2024-11-13T08:23:44+00:00\",\"description\":\"AMEF Consulting propose des strat\u00e9gies en finance \u00e9thique pour accompagner les banques africaines vers la durabilit\u00e9.\",\"breadcrumb\":{\"@id\":\"https:\/\/www.amef-consulting.com\/en\/services\/advisory\/risk-management\/#breadcrumb\"},\"inLanguage\":\"en-US\",\"potentialAction\":[{\"@type\":\"ReadAction\",\"target\":[\"https:\/\/www.amef-consulting.com\/en\/services\/advisory\/risk-management\/\"]}]},{\"@type\":\"BreadcrumbList\",\"@id\":\"https:\/\/www.amef-consulting.com\/en\/services\/advisory\/risk-management\/#breadcrumb\",\"itemListElement\":[{\"@type\":\"ListItem\",\"position\":1,\"name\":\"Accueil\",\"item\":\"https:\/\/www.amef-consulting.com\/en\/\"},{\"@type\":\"ListItem\",\"position\":2,\"name\":\"Services\",\"item\":\"https:\/\/www.amef-consulting.com\/en\/services\/\"},{\"@type\":\"ListItem\",\"position\":3,\"name\":\"Advisory\",\"item\":\"https:\/\/www.amef-consulting.com\/en\/services\/advisory\/\"},{\"@type\":\"ListItem\",\"position\":4,\"name\":\"Risk Management\"}]},{\"@type\":\"WebSite\",\"@id\":\"https:\/\/www.amef-consulting.com\/#website\",\"url\":\"https:\/\/www.amef-consulting.com\/\",\"name\":\"AMEF Consulting\",\"description\":\"Conseil en strat\u00e9gie et management - Strategy and Management Advisory\",\"publisher\":{\"@id\":\"https:\/\/www.amef-consulting.com\/#organization\"},\"alternateName\":\"AMEF\",\"potentialAction\":[{\"@type\":\"SearchAction\",\"target\":{\"@type\":\"EntryPoint\",\"urlTemplate\":\"https:\/\/www.amef-consulting.com\/?s={search_term_string}\"},\"query-input\":\"required name=search_term_string\"}],\"inLanguage\":\"en-US\"},{\"@type\":\"Organization\",\"@id\":\"https:\/\/www.amef-consulting.com\/#organization\",\"name\":\"AMEF Consulting\",\"alternateName\":\"AMEF\",\"url\":\"https:\/\/www.amef-consulting.com\/\",\"logo\":{\"@type\":\"ImageObject\",\"inLanguage\":\"en-US\",\"@id\":\"https:\/\/www.amef-consulting.com\/#\/schema\/logo\/image\/\",\"url\":\"https:\/\/www.amef-consulting.com\/\/wp-content\/uploads\/2021\/04\/logo_fond-blanc.jpg.jpg\",\"contentUrl\":\"https:\/\/www.amef-consulting.com\/\/wp-content\/uploads\/2021\/04\/logo_fond-blanc.jpg.jpg\",\"width\":514,\"height\":304,\"caption\":\"AMEF Consulting\"},\"image\":{\"@id\":\"https:\/\/www.amef-consulting.com\/#\/schema\/logo\/image\/\"},\"sameAs\":[\"https:\/\/www.linkedin.com\/company\/amef-consulting\/\",\"https:\/\/www.youtube.com\/channel\/UCl0kR8Is0EBObFgCe-vRiCQ\"]}]}<\/script>\n<!-- \/ Yoast SEO Premium plugin. -->","yoast_head_json":{"title":"Risk Management - AMEF Consulting","description":"AMEF Consulting propose des strat\u00e9gies en finance \u00e9thique pour accompagner les banques africaines vers la durabilit\u00e9.","robots":{"index":"index","follow":"follow","max-snippet":"max-snippet:-1","max-image-preview":"max-image-preview:large","max-video-preview":"max-video-preview:-1"},"canonical":"https:\/\/www.amef-consulting.com\/en\/services\/advisory\/risk-management\/","og_locale":"en_US","og_type":"article","og_title":"Risk Management","og_description":"AMEF Consulting propose des strat\u00e9gies en finance \u00e9thique pour accompagner les banques africaines vers la durabilit\u00e9.","og_url":"https:\/\/www.amef-consulting.com\/en\/services\/advisory\/risk-management\/","og_site_name":"AMEF Consulting","article_modified_time":"2024-11-13T08:23:44+00:00","og_image":[{"url":"https:\/\/www.amef-consulting.com\/\/wp-content\/uploads\/2020\/02\/icon-call.png"}],"twitter_card":"summary_large_image","twitter_misc":{"Est. reading time":"2 minutes"},"schema":{"@context":"https:\/\/schema.org","@graph":[{"@type":"WebPage","@id":"https:\/\/www.amef-consulting.com\/en\/services\/advisory\/risk-management\/","url":"https:\/\/www.amef-consulting.com\/en\/services\/advisory\/risk-management\/","name":"Risk Management - AMEF Consulting","isPartOf":{"@id":"https:\/\/www.amef-consulting.com\/#website"},"datePublished":"2021-11-10T11:23:29+00:00","dateModified":"2024-11-13T08:23:44+00:00","description":"AMEF Consulting propose des strat\u00e9gies en finance \u00e9thique pour accompagner les banques africaines vers la durabilit\u00e9.","breadcrumb":{"@id":"https:\/\/www.amef-consulting.com\/en\/services\/advisory\/risk-management\/#breadcrumb"},"inLanguage":"en-US","potentialAction":[{"@type":"ReadAction","target":["https:\/\/www.amef-consulting.com\/en\/services\/advisory\/risk-management\/"]}]},{"@type":"BreadcrumbList","@id":"https:\/\/www.amef-consulting.com\/en\/services\/advisory\/risk-management\/#breadcrumb","itemListElement":[{"@type":"ListItem","position":1,"name":"Accueil","item":"https:\/\/www.amef-consulting.com\/en\/"},{"@type":"ListItem","position":2,"name":"Services","item":"https:\/\/www.amef-consulting.com\/en\/services\/"},{"@type":"ListItem","position":3,"name":"Advisory","item":"https:\/\/www.amef-consulting.com\/en\/services\/advisory\/"},{"@type":"ListItem","position":4,"name":"Risk Management"}]},{"@type":"WebSite","@id":"https:\/\/www.amef-consulting.com\/#website","url":"https:\/\/www.amef-consulting.com\/","name":"AMEF Consulting","description":"Conseil en strat\u00e9gie et management - Strategy and Management Advisory","publisher":{"@id":"https:\/\/www.amef-consulting.com\/#organization"},"alternateName":"AMEF","potentialAction":[{"@type":"SearchAction","target":{"@type":"EntryPoint","urlTemplate":"https:\/\/www.amef-consulting.com\/?s={search_term_string}"},"query-input":"required name=search_term_string"}],"inLanguage":"en-US"},{"@type":"Organization","@id":"https:\/\/www.amef-consulting.com\/#organization","name":"AMEF Consulting","alternateName":"AMEF","url":"https:\/\/www.amef-consulting.com\/","logo":{"@type":"ImageObject","inLanguage":"en-US","@id":"https:\/\/www.amef-consulting.com\/#\/schema\/logo\/image\/","url":"https:\/\/www.amef-consulting.com\/\/wp-content\/uploads\/2021\/04\/logo_fond-blanc.jpg.jpg","contentUrl":"https:\/\/www.amef-consulting.com\/\/wp-content\/uploads\/2021\/04\/logo_fond-blanc.jpg.jpg","width":514,"height":304,"caption":"AMEF Consulting"},"image":{"@id":"https:\/\/www.amef-consulting.com\/#\/schema\/logo\/image\/"},"sameAs":["https:\/\/www.linkedin.com\/company\/amef-consulting\/","https:\/\/www.youtube.com\/channel\/UCl0kR8Is0EBObFgCe-vRiCQ"]}]}},"_links":{"self":[{"href":"https:\/\/www.amef-consulting.com\/en\/wp-json\/wp\/v2\/pages\/17479"}],"collection":[{"href":"https:\/\/www.amef-consulting.com\/en\/wp-json\/wp\/v2\/pages"}],"about":[{"href":"https:\/\/www.amef-consulting.com\/en\/wp-json\/wp\/v2\/types\/page"}],"author":[{"embeddable":true,"href":"https:\/\/www.amef-consulting.com\/en\/wp-json\/wp\/v2\/users\/1"}],"replies":[{"embeddable":true,"href":"https:\/\/www.amef-consulting.com\/en\/wp-json\/wp\/v2\/comments?post=17479"}],"version-history":[{"count":0,"href":"https:\/\/www.amef-consulting.com\/en\/wp-json\/wp\/v2\/pages\/17479\/revisions"}],"up":[{"embeddable":true,"href":"https:\/\/www.amef-consulting.com\/en\/wp-json\/wp\/v2\/pages\/17379"}],"wp:attachment":[{"href":"https:\/\/www.amef-consulting.com\/en\/wp-json\/wp\/v2\/media?parent=17479"}],"curies":[{"name":"wp","href":"https:\/\/api.w.org\/{rel}","templated":true}]}}