{"id":17480,"date":"2021-11-10T12:23:54","date_gmt":"2021-11-10T11:23:54","guid":{"rendered":"https:\/\/www.amef-consulting.com?page_id=17480"},"modified":"2024-11-13T09:22:37","modified_gmt":"2024-11-13T08:22:37","slug":"strategy-and-organization","status":"publish","type":"page","link":"https:\/\/www.amef-consulting.com\/en\/services\/advisory\/strategy-and-organization\/","title":{"rendered":"Strategy and Organization"},"content":{"rendered":"\t\t<div data-elementor-type=\"wp-page\" data-elementor-id=\"17480\" class=\"elementor elementor-17480 elementor-2470\">\n\t\t\t\t\t\t\t\t\t<section class=\"elementor-section elementor-top-section elementor-element elementor-element-50fd8c7 elementor-section-stretched elementor-section-boxed elementor-section-height-default elementor-section-height-default\" data-id=\"50fd8c7\" data-element_type=\"section\" data-settings=\"{&quot;stretch_section&quot;:&quot;section-stretched&quot;}\">\n\t\t\t\t\t\t<div class=\"elementor-container elementor-column-gap-no\">\n\t\t\t\t\t<div class=\"elementor-column elementor-col-66 elementor-top-column elementor-element elementor-element-046036d\" data-id=\"046036d\" data-element_type=\"column\">\n\t\t\t<div class=\"elementor-widget-wrap elementor-element-populated\">\n\t\t\t\t\t\t\t\t<section class=\"elementor-section elementor-inner-section elementor-element elementor-element-c483872 elementor-section-boxed elementor-section-height-default elementor-section-height-default\" data-id=\"c483872\" data-element_type=\"section\">\n\t\t\t\t\t\t<div class=\"elementor-container elementor-column-gap-no\">\n\t\t\t\t\t<div class=\"elementor-column elementor-col-100 elementor-inner-column elementor-element elementor-element-61c7ea9\" data-id=\"61c7ea9\" data-element_type=\"column\">\n\t\t\t<div class=\"elementor-widget-wrap elementor-element-populated\">\n\t\t\t\t\t\t\t\t<div class=\"elementor-element elementor-element-9765b20 gyan-title-st-line-after gyan-title-desc-left elementor-widget elementor-widget-gyan_title\" data-id=\"9765b20\" data-element_type=\"widget\" data-widget_type=\"gyan_title.default\">\n\t\t\t\t<div class=\"elementor-widget-container\">\n\t\t\t\t\t<div class=\"gyan-title\">\r\n\t\t\t<div class=\"gyan-title-subtitle\"><span>Consulting & Technical Assistance <\/span><\/div><h2 class=\"gyan-title-heading\">Strategy and Organization<\/h2><div class=\"gyan-title-desc\">\n<\/div>\t\t<\/div>\r\n\t\t\t\t<\/div>\n\t\t\t\t<\/div>\n\t\t\t\t<div class=\"elementor-element elementor-element-39024eb elementor-widget elementor-widget-heading\" data-id=\"39024eb\" data-element_type=\"widget\" data-widget_type=\"heading.default\">\n\t\t\t\t<div class=\"elementor-widget-container\">\n\t\t\t<h3 class=\"elementor-heading-title elementor-size-default\">Support for the design and implementation of your Strategy<\/h3>\t\t<\/div>\n\t\t\t\t<\/div>\n\t\t\t\t<div class=\"elementor-element elementor-element-70d4746 elementor-widget elementor-widget-text-editor\" data-id=\"70d4746\" data-element_type=\"widget\" data-widget_type=\"text-editor.default\">\n\t\t\t\t<div class=\"elementor-widget-container\">\n\t\t\t\t\t\t\t<p>You plan to develop or adjust your <strong>business strategy<\/strong> in line with your strategic objectives, AMEF Consulting offers to accompany you in a corporate <strong>diagnosis<\/strong> and the design of your strategy. In this context and in close collaboration with your teams, AMEF Consulting offers a roadmap and an implementation action plan based on a coherent corporate portfolio of strategic projects.<\/p>\t\t\t\t\t\t<\/div>\n\t\t\t\t<\/div>\n\t\t\t\t<div class=\"elementor-element elementor-element-710a3e3 elementor-widget elementor-widget-heading\" data-id=\"710a3e3\" data-element_type=\"widget\" data-widget_type=\"heading.default\">\n\t\t\t\t<div class=\"elementor-widget-container\">\n\t\t\t<h3 class=\"elementor-heading-title elementor-size-default\">Reinforcement of your governance<\/h3>\t\t<\/div>\n\t\t\t\t<\/div>\n\t\t\t\t<div class=\"elementor-element elementor-element-afdb9ec elementor-widget elementor-widget-text-editor\" data-id=\"afdb9ec\" data-element_type=\"widget\" data-widget_type=\"text-editor.default\">\n\t\t\t\t<div class=\"elementor-widget-container\">\n\t\t\t\t\t\t\tThe success of a company\u2019s strategic and operational objectives is linked to the quality of its <strong>Governance framework.<\/strong> AMEF Consulting can provide advice and support to define and strengthen a corporate governance framework through the following steps:\n<ul>\n <li>Design and implementation support of your organization chart<\/li>\n \t<li>Organization of your governance bodies<\/li>\n \t<li>Consolidation of your audit and internal control framework<\/li>\n<\/ul>\t\t\t\t\t\t<\/div>\n\t\t\t\t<\/div>\n\t\t\t\t<div class=\"elementor-element elementor-element-97f6b2e elementor-widget elementor-widget-heading\" data-id=\"97f6b2e\" data-element_type=\"widget\" data-widget_type=\"heading.default\">\n\t\t\t\t<div class=\"elementor-widget-container\">\n\t\t\t<h3 class=\"elementor-heading-title elementor-size-default\">Development of financial products<\/h3>\t\t<\/div>\n\t\t\t\t<\/div>\n\t\t\t\t<div class=\"elementor-element elementor-element-20e4c21 elementor-widget elementor-widget-text-editor\" data-id=\"20e4c21\" data-element_type=\"widget\" data-widget_type=\"text-editor.default\">\n\t\t\t\t<div class=\"elementor-widget-container\">\n\t\t\t\t\t\t\tAMEF Consulting uses its comprehensive and proven approach and its in-depth knowledge of finance businesses and markets to offer you support to develop<strong> new activities and new financial and non-financial products. <\/strong>This will be done on the basis of your <strong>Customer Value Propositions<\/strong>. AMEF\u2019s offer covers all project stages from opportunity study to implementation. Of course, AMEF assists you to design and develop its different work areas such as:\n<ul>\n <li>Quantitative and qualitative market survey<\/li>\n \t<li>Definition of the <strong>Customer Value Proposition<\/strong> (CVP) for the targeted customer segment,<\/li>\n \t<li>Development of financial and non-financial products,<\/li>\n \t<li>Definition of a distribution and communication policy.<\/li>\n<\/ul>\t\t\t\t\t\t<\/div>\n\t\t\t\t<\/div>\n\t\t\t\t<div class=\"elementor-element elementor-element-10828a2 elementor-widget elementor-widget-heading\" data-id=\"10828a2\" data-element_type=\"widget\" data-widget_type=\"heading.default\">\n\t\t\t\t<div class=\"elementor-widget-container\">\n\t\t\t<h3 class=\"elementor-heading-title elementor-size-default\">Organization and procedures<\/h3>\t\t<\/div>\n\t\t\t\t<\/div>\n\t\t\t\t<div class=\"elementor-element elementor-element-88246cb elementor-widget elementor-widget-text-editor\" data-id=\"88246cb\" data-element_type=\"widget\" data-widget_type=\"text-editor.default\">\n\t\t\t\t<div class=\"elementor-widget-container\">\n\t\t\t\t\t\t\t<p>Achieving your performance objectives requires developing the <strong>commercial and operational efficiency<\/strong> of your structures. To do this, we offer you to provide you with our expertise in reviewing your organization and your processes to identify the sources of optimization and suggest the most relevant improvements in this direction.<\/p><p>Realizing the benefits of the improvements also involves formalizing your work procedures to ensure both <strong>operational efficiency<\/strong> and <strong>risk mitigation<\/strong>.<\/p>\t\t\t\t\t\t<\/div>\n\t\t\t\t<\/div>\n\t\t\t\t<div class=\"elementor-element elementor-element-aaed75c elementor-widget elementor-widget-heading\" data-id=\"aaed75c\" data-element_type=\"widget\" data-widget_type=\"heading.default\">\n\t\t\t\t<div class=\"elementor-widget-container\">\n\t\t\t<h3 class=\"elementor-heading-title elementor-size-default\">Example of carried-out missions<\/h3>\t\t<\/div>\n\t\t\t\t<\/div>\n\t\t\t\t<div class=\"elementor-element elementor-element-edd11b9 elementor-widget elementor-widget-text-editor\" data-id=\"edd11b9\" data-element_type=\"widget\" data-widget_type=\"text-editor.default\">\n\t\t\t\t<div class=\"elementor-widget-container\">\n\t\t\t\t\t\t\t<ul><li>Elaboration de la strat\u00e9gie 2021 \u2013 2025 d\u2019une banque de M\u00e9sofinance (Tunisie)<\/li><li>Appui \u00e0 l\u2019\u00e9laboration et la mise en \u0153uvre de la strat\u00e9gie de financement des PME d\u2019une banque commerciale (Cameroun)<\/li><li><a href=\"\/portfolio-item\/due-diligence-financier-et-strategique-du-groupe-panafricain-alios-finance\/\">Etude d\u2019opportunit\u00e9 d\u2019acquisition d\u2019un groupe financier Panafricain (Afrique Subsaharienne)<\/a><\/li><\/ul><p>\u00a0<\/p>\t\t\t\t\t\t<\/div>\n\t\t\t\t<\/div>\n\t\t\t\t\t<\/div>\n\t\t<\/div>\n\t\t\t\t\t\t\t<\/div>\n\t\t<\/section>\n\t\t\t\t\t<\/div>\n\t\t<\/div>\n\t\t\t\t<div class=\"elementor-column elementor-col-33 elementor-top-column elementor-element elementor-element-8cd87e4\" data-id=\"8cd87e4\" data-element_type=\"column\">\n\t\t\t<div class=\"elementor-widget-wrap elementor-element-populated\">\n\t\t\t\t\t\t\t\t<section class=\"elementor-section elementor-inner-section elementor-element elementor-element-4586dd8 elementor-section-boxed elementor-section-height-default elementor-section-height-default\" data-id=\"4586dd8\" data-element_type=\"section\">\n\t\t\t\t\t\t<div class=\"elementor-container elementor-column-gap-no\">\n\t\t\t\t\t<div class=\"elementor-column elementor-col-100 elementor-inner-column elementor-element elementor-element-096c238\" data-id=\"096c238\" data-element_type=\"column\">\n\t\t\t<div class=\"elementor-widget-wrap elementor-element-populated\">\n\t\t\t\t\t\t\t\t<div class=\"elementor-element elementor-element-b5960df gyan-menu-list-vertical elementor-widget elementor-widget-gyan_menu_list\" data-id=\"b5960df\" data-element_type=\"widget\" data-widget_type=\"gyan_menu_list.default\">\n\t\t\t\t<div class=\"elementor-widget-container\">\n\t\t\t<div class=\"gyan-menu-list\"><div class=\"menu-our-services-container\"><ul id=\"menu-our-services\" class=\"gyan-menu-list-item gyan-ease-transition\"><li id=\"menu-item-19629\" class=\"menu-item menu-item-type-post_type menu-item-object-page menu-item-19629\"><a href=\"https:\/\/www.amef-consulting.com\/en\/services\/advisory\/strategy-and-organization\/\">Strategy and Organization<\/a><\/li>\n<li id=\"menu-item-19624\" class=\"menu-item menu-item-type-post_type menu-item-object-page menu-item-19624\"><a href=\"https:\/\/www.amef-consulting.com\/en\/services\/advisory\/digitization\/\">Digitization<\/a><\/li>\n<li id=\"menu-item-19628\" class=\"menu-item menu-item-type-post_type menu-item-object-page menu-item-19628\"><a href=\"https:\/\/www.amef-consulting.com\/en\/services\/advisory\/sme-finance\/\">SME Finance<\/a><\/li>\n<li id=\"menu-item-19625\" class=\"menu-item menu-item-type-post_type menu-item-object-page menu-item-19625\"><a href=\"https:\/\/www.amef-consulting.com\/en\/services\/advisory\/green-projects-financing\/\">Green Projects Financing<\/a><\/li>\n<li id=\"menu-item-19623\" class=\"menu-item menu-item-type-post_type menu-item-object-page menu-item-19623\"><a href=\"https:\/\/www.amef-consulting.com\/en\/services\/advisory\/agri-finance\/\">Agri-Finance<\/a><\/li>\n<li id=\"menu-item-19627\" class=\"menu-item menu-item-type-post_type menu-item-object-page menu-item-19627\"><a href=\"https:\/\/www.amef-consulting.com\/en\/services\/advisory\/risk-management\/\">Risk Management<\/a><\/li>\n<li id=\"menu-item-19626\" class=\"menu-item menu-item-type-post_type menu-item-object-page menu-item-19626\"><a href=\"https:\/\/www.amef-consulting.com\/en\/services\/advisory\/human-capital\/\">Human Capital<\/a><\/li>\n<li id=\"menu-item-19630\" class=\"menu-item menu-item-type-post_type menu-item-object-page menu-item-19630\"><a href=\"https:\/\/www.amef-consulting.com\/en\/services\/it-solutions-implementation\/\">IT Solutions Implementation<\/a><\/li>\n<li id=\"menu-item-19631\" class=\"menu-item menu-item-type-post_type menu-item-object-page menu-item-19631\"><a href=\"https:\/\/www.amef-consulting.com\/en\/services\/training-coaching\/\">Training &#038; Coaching<\/a><\/li>\n<\/ul><\/div><\/div>\t\t<\/div>\n\t\t\t\t<\/div>\n\t\t\t\t\t<\/div>\n\t\t<\/div>\n\t\t\t\t\t\t\t<\/div>\n\t\t<\/section>\n\t\t\t\t<section class=\"elementor-section elementor-inner-section elementor-element elementor-element-fd3d47b elementor-section-boxed elementor-section-height-default elementor-section-height-default\" data-id=\"fd3d47b\" data-element_type=\"section\">\n\t\t\t\t\t\t<div class=\"elementor-container elementor-column-gap-default\">\n\t\t\t\t\t<div class=\"elementor-column elementor-col-100 elementor-inner-column elementor-element elementor-element-1ec2e62\" data-id=\"1ec2e62\" data-element_type=\"column\" data-settings=\"{&quot;background_background&quot;:&quot;classic&quot;}\">\n\t\t\t<div class=\"elementor-widget-wrap elementor-element-populated\">\n\t\t\t\t\t\t\t\t<div class=\"elementor-element elementor-element-163727e gyan-infobox-position-top gyan-infobox-center-no gyan-infobox-align-center gyan-hover-animation-none gyan-animation-box-fade elementor-widget elementor-widget-gyan_info_box\" data-id=\"163727e\" data-element_type=\"widget\" data-widget_type=\"gyan_info_box.default\">\n\t\t\t\t<div class=\"elementor-widget-container\">\n\t\t\t\n\t\t<div class=\"gyan-info-box gyan-animation-box gyan-ease-transition\">\n\n\t\t\t\n\t\t\t\n\t\t\t\t<div class=\"gyan-infobox-icon-holder gyan-ease-transition\">\n\n\t\t\t\t\t\n\t\t\t\t\t\n\t\t\t\t\t\n\t\t\t\t\t\t\t\t\t\t\t<span class=\"gyan-infobox-image\">\n\t\t\t\t\t\t\t<img loading=\"lazy\" decoding=\"async\" width=\"53\" height=\"53\" src=\"https:\/\/www.amef-consulting.com\/\/wp-content\/uploads\/2020\/02\/icon-call.png\" class=\"attachment-full size-full wp-image-631\" alt=\"\" \/>\t\t\t\t\t\t<\/span>\n\t\t\t\t\t\n\t\t\t\t\t\n\t\t\t\t<\/div>\n\n\t\t\t\n\t\t\t<div class=\"gyan-infobox-content-holder\">\n\n\t\t\t\t\n\t\t\t\t\t<h4 class=\"gyan-infobox-title gyan-ease-transition\">\n\t\t\t\t\t\t\t\t\t\t\t\tFor any further information on our \"Strategy and Organization\" offer <br>or a specific offer proposal, call us on\t\t\t\t\t\t\t\t\t\t\t<\/h4>\n\n\t\t\t\t\n\t\t\t\t\n\t\t\t\t\n\t\t\t\t\t<h5 class=\"gyan-infobox-content gyan-ease-transition\">\n\t\t\t\t\t\t+216 71 793 160\t\t\t\t\t<\/h5>\n\n\t\t\t\t\n\t\t\t\t\n\t\t\t\t<div class=\"clear\"><\/div>\n\t\t\t<\/div>\n\t\t<\/div>\n\t\t\t<\/div>\n\t\t\t\t<\/div>\n\t\t\t\t<div class=\"elementor-element elementor-element-f60f89f gyan-infobox-position-top gyan-infobox-center-no gyan-infobox-align-center gyan-hover-animation-none gyan-animation-box-fade elementor-widget elementor-widget-gyan_info_box\" data-id=\"f60f89f\" data-element_type=\"widget\" data-widget_type=\"gyan_info_box.default\">\n\t\t\t\t<div class=\"elementor-widget-container\">\n\t\t\t\n\t\t<div class=\"gyan-info-box gyan-animation-box gyan-ease-transition\">\n\n\t\t\t\n\t\t\t\n\t\t\t\t<div class=\"gyan-infobox-icon-holder gyan-ease-transition\">\n\n\t\t\t\t\t\n\t\t\t\t\t\t\t\t\t\t\t<a href=\"\/contact\/\" class=\"gyan-infobox-link\"><\/a>\n\t\t\t\t\t\n\t\t\t\t\t\n\t\t\t\t\t\t\t\t\t\t\t<span class=\"gyan-infobox-image\">\n\t\t\t\t\t\t\t\t\t\t\t\t\t<\/span>\n\t\t\t\t\t\n\t\t\t\t\t\n\t\t\t\t<\/div>\n\n\t\t\t\n\t\t\t<div class=\"gyan-infobox-content-holder\">\n\n\t\t\t\t\n\t\t\t\t\t<h4 class=\"gyan-infobox-title gyan-ease-transition\">\n\t\t\t\t\t\t\t\t\t\t\t\t\t<a href=\"\/contact\/\" class=\"gyan-infobox-link\">\n\t\t\t\t\t\t\t\t\t\t\t\tor send us a message via our website\t\t\t\t\t\t\t\t\t\t\t\t\t<\/a>\n\t\t\t\t\t\t\t\t\t\t\t<\/h4>\n\n\t\t\t\t\n\t\t\t\t\n\t\t\t\t\n\t\t\t\t\t<h5 class=\"gyan-infobox-content gyan-ease-transition\">\n\t\t\t\t\t\t<a href=\"\/contact\/\">Message<\/a>\t\t\t\t\t<\/h5>\n\n\t\t\t\t\n\t\t\t\t\n\t\t\t\t<div class=\"clear\"><\/div>\n\t\t\t<\/div>\n\t\t<\/div>\n\t\t\t<\/div>\n\t\t\t\t<\/div>\n\t\t\t\t\t<\/div>\n\t\t<\/div>\n\t\t\t\t\t\t\t<\/div>\n\t\t<\/section>\n\t\t\t\t\t<\/div>\n\t\t<\/div>\n\t\t\t\t\t\t\t<\/div>\n\t\t<\/section>\n\t\t\t\t\t\t\t<\/div>\n\t\t","protected":false},"excerpt":{"rendered":"<p>Consulting &#038; Technical Assistance Strategy and Organization Support for the design and implementation of your Strategy You plan to develop or adjust your business strategy in line with your strategic objectives, AMEF Consulting offers to accompany you in a corporate diagnosis and the design of your strategy. In this context [&hellip;]<\/p>\n","protected":false},"author":1,"featured_media":0,"parent":17379,"menu_order":0,"comment_status":"closed","ping_status":"closed","template":"elementor_header_footer","meta":{"inline_featured_image":false,"footnotes":""},"yoast_head":"<!-- This site is optimized with the Yoast SEO Premium plugin v21.5 (Yoast SEO v21.5) - https:\/\/yoast.com\/wordpress\/plugins\/seo\/ -->\n<title>Strategy and Organization - AMEF Consulting<\/title>\n<meta name=\"description\" content=\"AMEF Consulting accompagne les banques africaines dans leur transformation avec des solutions de finance \u00e9thique.\" \/>\n<meta name=\"robots\" content=\"index, follow, max-snippet:-1, max-image-preview:large, max-video-preview:-1\" \/>\n<link rel=\"canonical\" href=\"https:\/\/www.amef-consulting.com\/en\/services\/advisory\/strategy-and-organization\/\" \/>\n<meta property=\"og:locale\" content=\"en_US\" \/>\n<meta property=\"og:type\" content=\"article\" \/>\n<meta property=\"og:title\" content=\"Strategy and Organization\" \/>\n<meta property=\"og:description\" content=\"AMEF Consulting accompagne les banques africaines dans leur transformation avec des solutions de finance \u00e9thique.\" \/>\n<meta property=\"og:url\" content=\"https:\/\/www.amef-consulting.com\/en\/services\/advisory\/strategy-and-organization\/\" \/>\n<meta property=\"og:site_name\" content=\"AMEF Consulting\" \/>\n<meta property=\"article:modified_time\" content=\"2024-11-13T08:22:37+00:00\" \/>\n<meta property=\"og:image\" content=\"https:\/\/www.amef-consulting.com\/\/wp-content\/uploads\/2020\/02\/icon-call.png\" \/>\n<meta name=\"twitter:card\" content=\"summary_large_image\" \/>\n<meta name=\"twitter:label1\" content=\"Est. reading time\" \/>\n\t<meta name=\"twitter:data1\" content=\"3 minutes\" \/>\n<script type=\"application\/ld+json\" class=\"yoast-schema-graph\">{\"@context\":\"https:\/\/schema.org\",\"@graph\":[{\"@type\":\"WebPage\",\"@id\":\"https:\/\/www.amef-consulting.com\/en\/services\/advisory\/strategy-and-organization\/\",\"url\":\"https:\/\/www.amef-consulting.com\/en\/services\/advisory\/strategy-and-organization\/\",\"name\":\"Strategy and Organization - AMEF Consulting\",\"isPartOf\":{\"@id\":\"https:\/\/www.amef-consulting.com\/#website\"},\"datePublished\":\"2021-11-10T11:23:54+00:00\",\"dateModified\":\"2024-11-13T08:22:37+00:00\",\"description\":\"AMEF Consulting accompagne les banques africaines dans leur transformation avec des solutions de finance \u00e9thique.\",\"breadcrumb\":{\"@id\":\"https:\/\/www.amef-consulting.com\/en\/services\/advisory\/strategy-and-organization\/#breadcrumb\"},\"inLanguage\":\"en-US\",\"potentialAction\":[{\"@type\":\"ReadAction\",\"target\":[\"https:\/\/www.amef-consulting.com\/en\/services\/advisory\/strategy-and-organization\/\"]}]},{\"@type\":\"BreadcrumbList\",\"@id\":\"https:\/\/www.amef-consulting.com\/en\/services\/advisory\/strategy-and-organization\/#breadcrumb\",\"itemListElement\":[{\"@type\":\"ListItem\",\"position\":1,\"name\":\"Accueil\",\"item\":\"https:\/\/www.amef-consulting.com\/en\/\"},{\"@type\":\"ListItem\",\"position\":2,\"name\":\"Services\",\"item\":\"https:\/\/www.amef-consulting.com\/en\/services\/\"},{\"@type\":\"ListItem\",\"position\":3,\"name\":\"Advisory\",\"item\":\"https:\/\/www.amef-consulting.com\/en\/services\/advisory\/\"},{\"@type\":\"ListItem\",\"position\":4,\"name\":\"Strategy and Organization\"}]},{\"@type\":\"WebSite\",\"@id\":\"https:\/\/www.amef-consulting.com\/#website\",\"url\":\"https:\/\/www.amef-consulting.com\/\",\"name\":\"AMEF Consulting\",\"description\":\"Conseil en strat\u00e9gie et management - Strategy and Management Advisory\",\"publisher\":{\"@id\":\"https:\/\/www.amef-consulting.com\/#organization\"},\"alternateName\":\"AMEF\",\"potentialAction\":[{\"@type\":\"SearchAction\",\"target\":{\"@type\":\"EntryPoint\",\"urlTemplate\":\"https:\/\/www.amef-consulting.com\/?s={search_term_string}\"},\"query-input\":\"required name=search_term_string\"}],\"inLanguage\":\"en-US\"},{\"@type\":\"Organization\",\"@id\":\"https:\/\/www.amef-consulting.com\/#organization\",\"name\":\"AMEF Consulting\",\"alternateName\":\"AMEF\",\"url\":\"https:\/\/www.amef-consulting.com\/\",\"logo\":{\"@type\":\"ImageObject\",\"inLanguage\":\"en-US\",\"@id\":\"https:\/\/www.amef-consulting.com\/#\/schema\/logo\/image\/\",\"url\":\"https:\/\/www.amef-consulting.com\/\/wp-content\/uploads\/2021\/04\/logo_fond-blanc.jpg.jpg\",\"contentUrl\":\"https:\/\/www.amef-consulting.com\/\/wp-content\/uploads\/2021\/04\/logo_fond-blanc.jpg.jpg\",\"width\":514,\"height\":304,\"caption\":\"AMEF Consulting\"},\"image\":{\"@id\":\"https:\/\/www.amef-consulting.com\/#\/schema\/logo\/image\/\"},\"sameAs\":[\"https:\/\/www.linkedin.com\/company\/amef-consulting\/\",\"https:\/\/www.youtube.com\/channel\/UCl0kR8Is0EBObFgCe-vRiCQ\"]}]}<\/script>\n<!-- \/ Yoast SEO Premium plugin. -->","yoast_head_json":{"title":"Strategy and Organization - AMEF Consulting","description":"AMEF Consulting accompagne les banques africaines dans leur transformation avec des solutions de finance \u00e9thique.","robots":{"index":"index","follow":"follow","max-snippet":"max-snippet:-1","max-image-preview":"max-image-preview:large","max-video-preview":"max-video-preview:-1"},"canonical":"https:\/\/www.amef-consulting.com\/en\/services\/advisory\/strategy-and-organization\/","og_locale":"en_US","og_type":"article","og_title":"Strategy and Organization","og_description":"AMEF Consulting accompagne les banques africaines dans leur transformation avec des solutions de finance \u00e9thique.","og_url":"https:\/\/www.amef-consulting.com\/en\/services\/advisory\/strategy-and-organization\/","og_site_name":"AMEF Consulting","article_modified_time":"2024-11-13T08:22:37+00:00","og_image":[{"url":"https:\/\/www.amef-consulting.com\/\/wp-content\/uploads\/2020\/02\/icon-call.png"}],"twitter_card":"summary_large_image","twitter_misc":{"Est. reading time":"3 minutes"},"schema":{"@context":"https:\/\/schema.org","@graph":[{"@type":"WebPage","@id":"https:\/\/www.amef-consulting.com\/en\/services\/advisory\/strategy-and-organization\/","url":"https:\/\/www.amef-consulting.com\/en\/services\/advisory\/strategy-and-organization\/","name":"Strategy and Organization - AMEF Consulting","isPartOf":{"@id":"https:\/\/www.amef-consulting.com\/#website"},"datePublished":"2021-11-10T11:23:54+00:00","dateModified":"2024-11-13T08:22:37+00:00","description":"AMEF Consulting accompagne les banques africaines dans leur transformation avec des solutions de finance \u00e9thique.","breadcrumb":{"@id":"https:\/\/www.amef-consulting.com\/en\/services\/advisory\/strategy-and-organization\/#breadcrumb"},"inLanguage":"en-US","potentialAction":[{"@type":"ReadAction","target":["https:\/\/www.amef-consulting.com\/en\/services\/advisory\/strategy-and-organization\/"]}]},{"@type":"BreadcrumbList","@id":"https:\/\/www.amef-consulting.com\/en\/services\/advisory\/strategy-and-organization\/#breadcrumb","itemListElement":[{"@type":"ListItem","position":1,"name":"Accueil","item":"https:\/\/www.amef-consulting.com\/en\/"},{"@type":"ListItem","position":2,"name":"Services","item":"https:\/\/www.amef-consulting.com\/en\/services\/"},{"@type":"ListItem","position":3,"name":"Advisory","item":"https:\/\/www.amef-consulting.com\/en\/services\/advisory\/"},{"@type":"ListItem","position":4,"name":"Strategy and Organization"}]},{"@type":"WebSite","@id":"https:\/\/www.amef-consulting.com\/#website","url":"https:\/\/www.amef-consulting.com\/","name":"AMEF Consulting","description":"Conseil en strat\u00e9gie et management - Strategy and Management Advisory","publisher":{"@id":"https:\/\/www.amef-consulting.com\/#organization"},"alternateName":"AMEF","potentialAction":[{"@type":"SearchAction","target":{"@type":"EntryPoint","urlTemplate":"https:\/\/www.amef-consulting.com\/?s={search_term_string}"},"query-input":"required name=search_term_string"}],"inLanguage":"en-US"},{"@type":"Organization","@id":"https:\/\/www.amef-consulting.com\/#organization","name":"AMEF Consulting","alternateName":"AMEF","url":"https:\/\/www.amef-consulting.com\/","logo":{"@type":"ImageObject","inLanguage":"en-US","@id":"https:\/\/www.amef-consulting.com\/#\/schema\/logo\/image\/","url":"https:\/\/www.amef-consulting.com\/\/wp-content\/uploads\/2021\/04\/logo_fond-blanc.jpg.jpg","contentUrl":"https:\/\/www.amef-consulting.com\/\/wp-content\/uploads\/2021\/04\/logo_fond-blanc.jpg.jpg","width":514,"height":304,"caption":"AMEF Consulting"},"image":{"@id":"https:\/\/www.amef-consulting.com\/#\/schema\/logo\/image\/"},"sameAs":["https:\/\/www.linkedin.com\/company\/amef-consulting\/","https:\/\/www.youtube.com\/channel\/UCl0kR8Is0EBObFgCe-vRiCQ"]}]}},"_links":{"self":[{"href":"https:\/\/www.amef-consulting.com\/en\/wp-json\/wp\/v2\/pages\/17480"}],"collection":[{"href":"https:\/\/www.amef-consulting.com\/en\/wp-json\/wp\/v2\/pages"}],"about":[{"href":"https:\/\/www.amef-consulting.com\/en\/wp-json\/wp\/v2\/types\/page"}],"author":[{"embeddable":true,"href":"https:\/\/www.amef-consulting.com\/en\/wp-json\/wp\/v2\/users\/1"}],"replies":[{"embeddable":true,"href":"https:\/\/www.amef-consulting.com\/en\/wp-json\/wp\/v2\/comments?post=17480"}],"version-history":[{"count":0,"href":"https:\/\/www.amef-consulting.com\/en\/wp-json\/wp\/v2\/pages\/17480\/revisions"}],"up":[{"embeddable":true,"href":"https:\/\/www.amef-consulting.com\/en\/wp-json\/wp\/v2\/pages\/17379"}],"wp:attachment":[{"href":"https:\/\/www.amef-consulting.com\/en\/wp-json\/wp\/v2\/media?parent=17480"}],"curies":[{"name":"wp","href":"https:\/\/api.w.org\/{rel}","templated":true}]}}